{"id":4847,"date":"2015-05-25T21:08:42","date_gmt":"2015-05-25T19:08:42","guid":{"rendered":"https:\/\/knezevi-vinogradi.hr\/?page_id=4847"},"modified":"2025-06-30T11:05:33","modified_gmt":"2025-06-30T09:05:33","slug":"jarasi-eloljaro-helyettesei","status":"publish","type":"page","link":"https:\/\/knezevi-vinogradi.hr\/hu\/szervezet\/vegrehajto-testlet\/jarasi-eloljaro-helyettesei\/","title":{"rendered":"J\u00e1r\u00e1si el\u00f6lj\u00e1r\u00f3 helyettesei"},"content":{"rendered":"<p>[vc_row][vc_column]<div class=\"c-team-member\"><div class=\"c-content-box\"><div class=\"team-member-inner\"><div class=\"member-description\">A j\u00e1r\u00e1si el\u00f6lj\u00e1r\u00f3nak helyettese van, amely helyetes\u00edti abban az esetben ha a j\u00e1r\u00e1si el\u00f6lj\u00e1r\u00f3 huzamosan t\u00e1vol tart\u00f3zkodik vagy m\u00e1s okb\u00f3l kifoly\u00f3lag nem tudja feladat\u00e1t v\u00e9gezni, a j\u00e1r\u00e1si el\u00f6lj\u00e1r\u00f3val egy\u00fctt v\u00e1lasztj\u00e1k.<\/p>\n<p>\u00d6sszhangban a kisebss\u00e9gi jogok alkotm\u00e1nyos t\u00f6rv\u00e9ny\u00e9vel \u00e9s az \u00f6nkorm\u00e1nyzat helyi \u00e9s ter\u00fcleti (region\u00e1lis) t\u00f6rv\u00e9nyeivel, a Hercegsz\u0151l\u0151si j\u00e1r\u00e1si el\u00f6lj\u00e1r\u00f3nak a horv\u00e1t n\u00e9p soraib\u00f3l \u00e9s a szerb kisebbs\u00e9g soraibol is van helyettese.<\/div><\/div><\/div><\/div>[\/vc_column][\/vc_row][vc_row][vc_column width=&#8221;1\/3&#8243;]<div class=\"c-team-member\"><div class=\"c-content-box\"><div class=\"team-member-inner\"><h3 class=\"member-name\">Zoltan \u0160ipo\u0161<\/h3><h4 class=\"member-role\">helyettes a horv\u00e1t n\u00e9p soraib\u00f3l<\/h4><\/div><\/div><\/div>[\/vc_column][vc_column width=&#8221;1\/3&#8243;]<div class=\"c-team-member\"><div class=\"c-content-box\"><div class=\"team-member-inner\"><h3 class=\"member-name\">Predrag Petrovi\u0107<\/h3><h4 class=\"member-role\">helyettes a szerb kisebbs\u00e9g soraibol<\/h4><\/div><\/div><\/div>[\/vc_column][\/vc_row]<\/p>\n","protected":false},"excerpt":{"rendered":"<p>[vc_row][vc_column][\/vc_column][\/vc_row][vc_row][vc_column width=&#8221;1\/3&#8243;][\/vc_column][vc_column width=&#8221;1\/3&#8243;][\/vc_column][\/vc_row]<\/p>\n","protected":false},"author":4,"featured_media":0,"parent":4838,"menu_order":0,"comment_status":"closed","ping_status":"open","template":"","meta":[],"_links":{"self":[{"href":"https:\/\/knezevi-vinogradi.hr\/hu\/wp-json\/wp\/v2\/pages\/4847\/"}],"collection":[{"href":"https:\/\/knezevi-vinogradi.hr\/hu\/wp-json\/wp\/v2\/pages\/"}],"about":[{"href":"https:\/\/knezevi-vinogradi.hr\/hu\/wp-json\/wp\/v2\/types\/page\/"}],"author":[{"embeddable":true,"href":"https:\/\/knezevi-vinogradi.hr\/hu\/wp-json\/wp\/v2\/users\/4\/"}],"replies":[{"embeddable":true,"href":"https:\/\/knezevi-vinogradi.hr\/hu\/wp-json\/wp\/v2\/comments\/?post=4847"}],"version-history":[{"count":6,"href":"https:\/\/knezevi-vinogradi.hr\/hu\/wp-json\/wp\/v2\/pages\/4847\/revisions\/"}],"predecessor-version":[{"id":64247,"href":"https:\/\/knezevi-vinogradi.hr\/hu\/wp-json\/wp\/v2\/pages\/4847\/revisions\/64247\/"}],"up":[{"embeddable":true,"href":"https:\/\/knezevi-vinogradi.hr\/hu\/wp-json\/wp\/v2\/pages\/4838\/"}],"wp:attachment":[{"href":"https:\/\/knezevi-vinogradi.hr\/hu\/wp-json\/wp\/v2\/media\/?parent=4847"}],"curies":[{"name":"wp","href":"https:\/\/api.w.org\/{rel}","templated":true}]}}