{"id":4858,"date":"2015-05-25T23:25:12","date_gmt":"2015-05-25T21:25:12","guid":{"rendered":"https:\/\/knezevi-vinogradi.hr\/?page_id=4858"},"modified":"2024-10-25T08:50:03","modified_gmt":"2024-10-25T06:50:03","slug":"tanacsosok","status":"publish","type":"page","link":"https:\/\/knezevi-vinogradi.hr\/hu\/tanacsosok\/","title":{"rendered":"Tan\u00e1csosok"},"content":{"rendered":"<p>[vc_row][vc_column]<div class=\"c-team-member\"><div class=\"c-content-box\"><div class=\"team-member-inner\"><div class=\"member-description\">A J\u00e1r\u00e1si K\u00e9pvisel\u0151test\u00fclet a Hercegsz\u00f6l\u0151si J\u00e1r\u00e1s lakoss\u00e1g\u00e1nak k\u00e9pviseleti test\u00fclete \u00e9s az \u00f6nkorm\u00e1nyzat test\u00fclete, amely hat\u00e1rozatokat \u00e9s el\u0151\u00edr\u00e1sokat hoz a J\u00e1r\u00e1s jogainak \u00e9s k\u00f6telezetts\u00e9geinek hat\u00e1sk\u00f6r\u00e9ben, valamint az Alkotm\u00e1ny, a t\u00f6rv\u00e9ny \u00e9s ezen Alapszab\u00e1lyzat rendeletei alapj\u00e1n egy\u00e9b feladatokat v\u00e9gez. A J\u00e1r\u00e1si K\u00e9pvisel\u0151test\u00fcletnek 13 tagja van.<\/p>\n<p><strong>Tan\u00e1csosok <\/strong><strong>2021.-2024.<\/strong><\/p>\n<ol>\n<li style=\"list-style-type: none;\">\n<ol>\n<li>Ivica Plantosar (HDZ)<\/li>\n<li>Jano\u0161 Pavlovi\u0107 (HDZ)<\/li>\n<li>Dragana Bo\u017ei\u0107 (HDZ)<\/li>\n<li>Agneza Mijatovi\u0107 (HDZ)<\/li>\n<li>Sanja Terek (HDZ)<\/li>\n<li>Kristijan Horvat (Kand.list.grup.bira\u010da K.Horvat)<\/li>\n<li>Mirjana Damjani\u0107 (Kand.list.grup.bira\u010da K.Horvat)<\/li>\n<li>Sanela Proser Horvatin (Kand.list.grup.bira\u010da K.Horvat)<\/li>\n<li>Hajnalka Bistrican (Kand.list.grup.bira\u010da K.Horvat)<\/li>\n<li>Daniel Hordo\u0161i (Kand.list.grup.bira\u010da K.Horvat) \u2013 do 18.02.2022.,<br \/>\nMelisa Fabijan (Kand.list.grup.bira\u010da K.Horvat)<\/li>\n<li>Petar \u0160mr\u010dkovi\u0107 (SDSS)<\/li>\n<li>Miroslav A\u0107imovi\u0107 (SDSS)<\/li>\n<li>mr.sc.Dene\u0161 \u0160oja (Kand.list.grup.bira\u010da D.\u0160oja)<\/li>\n<\/ol>\n<\/li>\n<\/ol>\n<\/div><\/div><\/div><\/div>[\/vc_column][\/vc_row]<\/p>\n","protected":false},"excerpt":{"rendered":"<p>[vc_row][vc_column][\/vc_column][\/vc_row]<\/p>\n","protected":false},"author":4,"featured_media":0,"parent":0,"menu_order":0,"comment_status":"closed","ping_status":"open","template":"","meta":[],"_links":{"self":[{"href":"https:\/\/knezevi-vinogradi.hr\/hu\/wp-json\/wp\/v2\/pages\/4858\/"}],"collection":[{"href":"https:\/\/knezevi-vinogradi.hr\/hu\/wp-json\/wp\/v2\/pages\/"}],"about":[{"href":"https:\/\/knezevi-vinogradi.hr\/hu\/wp-json\/wp\/v2\/types\/page\/"}],"author":[{"embeddable":true,"href":"https:\/\/knezevi-vinogradi.hr\/hu\/wp-json\/wp\/v2\/users\/4\/"}],"replies":[{"embeddable":true,"href":"https:\/\/knezevi-vinogradi.hr\/hu\/wp-json\/wp\/v2\/comments\/?post=4858"}],"version-history":[{"count":9,"href":"https:\/\/knezevi-vinogradi.hr\/hu\/wp-json\/wp\/v2\/pages\/4858\/revisions\/"}],"predecessor-version":[{"id":60599,"href":"https:\/\/knezevi-vinogradi.hr\/hu\/wp-json\/wp\/v2\/pages\/4858\/revisions\/60599\/"}],"wp:attachment":[{"href":"https:\/\/knezevi-vinogradi.hr\/hu\/wp-json\/wp\/v2\/media\/?parent=4858"}],"curies":[{"name":"wp","href":"https:\/\/api.w.org\/{rel}","templated":true}]}}