{"id":4869,"date":"2016-01-15T21:09:44","date_gmt":"2016-01-15T19:09:44","guid":{"rendered":"https:\/\/knezevi-vinogradi.hr\/?page_id=4869"},"modified":"2015-10-08T18:42:04","modified_gmt":"2015-10-08T16:42:04","slug":"jarasi-vezetoseg","status":"publish","type":"page","link":"https:\/\/knezevi-vinogradi.hr\/hu\/szervezet\/jarasi-vezetoseg\/","title":{"rendered":"J\u00e1r\u00e1si vezet\u0151s\u00e9g"},"content":{"rendered":"<p>Egyedi k\u00f6zigazgat\u00e1si r\u00e9szleg elv\u00e9gzi a J\u00e1r\u00e1s \u00f6nkorm\u00e1nyzati hat\u00e1sk\u00f6r\u00e9be tartoz\u00f3 munk\u00e1t, mint helyi \u00f6nkorm\u00e1nyzati egys\u00e9g \u00f6sszhangban a t\u00f6rv\u00e9nyekkel \u00e9s m\u00e1s rendeletekkel az al\u00e1bbiak szerint:<\/p>\n<ul>\n<li>munk\u00e1kat a t\u00e1rsadalmi szolg\u00e1ltat\u00e1sok ter\u00fclet\u00e9r\u0151l: \u00f3vod\u00e1sok gyermekgondoz\u00e1sa, \u00e1ltal\u00e1nos iskolai oktat\u00e1s, kult\u00fara, technikai kult\u00fara \u00e9s sport szoci\u00e1lis j\u00f3l\u00e9t, az eg\u00e9szs\u00e9g\u00fcgyi \u00e9s polg\u00e1ri egyes\u00fcletek<\/li>\n<li>munk\u00e1kat a kommun\u00e1lis gazdas\u00e1g hat\u00f3s\u00e1g\u00e1b\u00f3l program kidolgoz\u00e1sa a kommun\u00e1lis infrastrukt\u00fara l\u00e9tes\u00edtm\u00e9nyeinek \u00e9s berendez\u00e9s\u00e9nek karbantart\u00e1sa, k\u00f6zigazgat\u00e1si elj\u00e1r\u00e1sok a kommun\u00e1lis gazdas\u00e1g hat\u00f3s\u00e1g\u00e1b\u00f3l kommun\u00e1lis rend v\u00e9grehajt\u00e1sa a kommun\u00e1lis infrastrukt\u00fara \u00e9s egy\u00e9b l\u00e9tes\u00edtm\u00e9nyek amelyeknek a befektet\u0151je a J\u00e1r\u00e1s ki\u00e9p\u00edt\u00e9s\u00e9nek \u00e9s karbantart\u00e1s\u00e1nak program\u00e1nak kidolgoz\u00e1sa,a f\u00f6ldek el\u0151k\u00e9sz\u00edt\u00e9se a fel\u00e9p\u00edt\u00e9sre<\/li>\n<li>munk\u00e1kat a ter\u00fcletrendez\u00e9s \u00e9s k\u00f6rnyezetv\u00e9delmi hat\u00f3s\u00e1g\u00e1b\u00f3l: a ter\u00fclet \u00e1llapot\u00e1r\u00f3l sz\u00f3l\u00f3 jelent\u00e9s k\u00e9sz\u00edt\u00e9se, a ter\u00fclet \u00e1llapot\u00e1nak fejleszt\u00e9s\u00e9hez k\u00e9sz\u00edtett program, munk\u00e1k a J\u00e1r\u00e1s ter\u00fcletrendez\u00e9si terv \u00e9s nyilv\u00e1nos t\u00e1rgyal\u00e1s befejez\u00e9s\u00e9r\u0151l, k\u00f6rnyzetv\u00e9delmi programok javasol\u00e1sa helyi szint\u0171 k\u00f6rnyezetszennyez\u00e9s est\u00e9n<\/li>\n<li>munk\u00e1kat a jogi ingatlankezel\u00e9s el\u0151k\u00e9szit\u00e9s\u00e9r\u0151l a J\u00e1r\u00e1s tulajdon\u00e1ban l\u00e9v\u0151 ingatlannal: ingatlan elad\u00e1sa, szolg\u00e1lat helyre\u00e1llit\u00e1sa, lak\u00e1s b\u00e9rl\u00e9s \u00e9s hivatalok b\u00e9rbead\u00e1sa<\/li>\n<li>a J\u00e1r\u00e1s p\u00e9nz\u00fcgyi \u00e9s anyagi munk\u00e1j\u00e1nak vezet\u00e9se, a J\u00e1r\u00e1s k\u00f6lts\u00e9gvet\u00e9se \u00e9s az \u00e9ves k\u00f6lts\u00e9gvet\u00e9s besz\u00e1mol\u00f3j\u00e1nak el\u0151k\u00e9sz\u00edt\u00e9se \u00e9s v\u00e9grehajt\u00e1sa, \u00e9rt\u00e9kel\u00e9sek \u00e9s bev\u00e9telek beszed\u00e9se amelyek a J\u00e1r\u00e1shoz tartoznak mint egy \u00f6nkorm\u00e1nyzati egys\u00e9g, k\u00f6nyvel\u00e9si feladatok elv\u00e9gz\u00e9se, a J\u00e1r\u00e1s ingatlan\u00e1nak k\u00f6nyvel\u00e9si myilv\u00e1ntart\u00e1s\u00e1nak \u00edr\u00e1ny\u00edt\u00e1sa, a J\u00e1r\u00e1s vagyon\u00e1nak b\u00edztos\u00edt\u00e1s\u00e1nak \u00edr\u00e1ny\u00edt\u00e1sa, a v\u00e1llalkoz\u00f3i tev\u00e9kenys\u00e9gek \u00f6szt\u00f6n\u00f6z\u00e9se egyedi programokkal amelyek a J\u00e1r\u00e1s \u00e9rdek\u00e9ben vannak<\/li>\n<li>a J\u00e1r\u00e1s \u00e1ltal\u00e1nos igazgat\u00e1si \u00e9s emberi er\u0151forr\u00e1sok munk\u00e1i, a munka elv\u00e9gz\u00e9se \u00e9s a munka kapcsolatok hat\u00f3s\u00e1g\u00e1nak r\u00f6gz\u00edt\u00e9se , a munk\u00e1hoz kapcsolatos technikai felt\u00e9telek biztos\u00edt\u00e1sa, Egys\u00e9ges igazgat\u00e1si oszt\u00e1ly<\/li>\n<li>a helyi \u00f6nkorm\u00e1nyzatok fejleszt\u00e9se \u00e9s helyi bizotts\u00e1gok munk\u00e1ja<\/li>\n<\/ul>\n","protected":false},"excerpt":{"rendered":"<p>Egyedi k\u00f6zigazgat\u00e1si r\u00e9szleg elv\u00e9gzi a J\u00e1r\u00e1s \u00f6nkorm\u00e1nyzati hat\u00e1sk\u00f6r\u00e9be tartoz\u00f3 munk\u00e1t, mint helyi \u00f6nkorm\u00e1nyzati egys\u00e9g \u00f6sszhangban a t\u00f6rv\u00e9nyekkel \u00e9s m\u00e1s rendeletekkel az al\u00e1bbiak szerint: munk\u00e1kat a t\u00e1rsadalmi szolg\u00e1ltat\u00e1sok ter\u00fclet\u00e9r\u0151l: \u00f3vod\u00e1sok gyermekgondoz\u00e1sa, \u00e1ltal\u00e1nos iskolai oktat\u00e1s, kult\u00fara, technikai kult\u00fara \u00e9s sport szoci\u00e1lis j\u00f3l\u00e9t, az eg\u00e9szs\u00e9g\u00fcgyi \u00e9s polg\u00e1ri egyes\u00fcletek munk\u00e1kat a kommun\u00e1lis gazdas\u00e1g hat\u00f3s\u00e1g\u00e1b\u00f3l program kidolgoz\u00e1sa a kommun\u00e1lis infrastrukt\u00fara [&hellip;]<\/p>\n","protected":false},"author":4,"featured_media":0,"parent":4867,"menu_order":0,"comment_status":"closed","ping_status":"closed","template":"","meta":[],"_links":{"self":[{"href":"https:\/\/knezevi-vinogradi.hr\/hu\/wp-json\/wp\/v2\/pages\/4869\/"}],"collection":[{"href":"https:\/\/knezevi-vinogradi.hr\/hu\/wp-json\/wp\/v2\/pages\/"}],"about":[{"href":"https:\/\/knezevi-vinogradi.hr\/hu\/wp-json\/wp\/v2\/types\/page\/"}],"author":[{"embeddable":true,"href":"https:\/\/knezevi-vinogradi.hr\/hu\/wp-json\/wp\/v2\/users\/4\/"}],"replies":[{"embeddable":true,"href":"https:\/\/knezevi-vinogradi.hr\/hu\/wp-json\/wp\/v2\/comments\/?post=4869"}],"version-history":[{"count":1,"href":"https:\/\/knezevi-vinogradi.hr\/hu\/wp-json\/wp\/v2\/pages\/4869\/revisions\/"}],"predecessor-version":[{"id":4870,"href":"https:\/\/knezevi-vinogradi.hr\/hu\/wp-json\/wp\/v2\/pages\/4869\/revisions\/4870\/"}],"up":[{"embeddable":true,"href":"https:\/\/knezevi-vinogradi.hr\/hu\/wp-json\/wp\/v2\/pages\/4867\/"}],"wp:attachment":[{"href":"https:\/\/knezevi-vinogradi.hr\/hu\/wp-json\/wp\/v2\/media\/?parent=4869"}],"curies":[{"name":"wp","href":"https:\/\/api.w.org\/{rel}","templated":true}]}}