{"id":4871,"date":"2015-07-02T11:04:50","date_gmt":"2015-07-02T09:04:50","guid":{"rendered":"https:\/\/knezevi-vinogradi.hr\/?page_id=4871"},"modified":"2024-11-08T13:17:38","modified_gmt":"2024-11-08T11:17:38","slug":"zaposlenici","status":"publish","type":"page","link":"https:\/\/knezevi-vinogradi.hr\/hu\/szervezet\/jarasi-vezetoseg\/zaposlenici\/","title":{"rendered":"Zaposlenici"},"content":{"rendered":"<p>[vc_row][vc_column]<div class=\"c-team-member\"><div class=\"c-content-box\"><div class=\"team-member-inner\"><h3 class=\"member-name\">Egys\u00e9ges k\u00f6zigazgat\u00e1si hivatal hivatalnokai<\/h3><\/div><\/div><\/div>[\/vc_column][\/vc_row][vc_row][vc_column width=&#8221;1\/2&#8243;]<div class=\"c-team-member m-has-portrait\"><div class=\"c-content-box\"><div class=\"team-member-inner\"><div class=\"member-portrait\"><img alt=\"\" src=\"https:\/\/knezevi-vinogradi.hr\/wp-content\/uploads\/2015\/07\/IMG_1253-150x150.jpg\"><\/div><h3 class=\"member-name\">\u017deljka Kolari\u0107<\/h3><h4 class=\"member-role\">igazgat\u00e1si vezet\u0151<\/h4><div class=\"member-description\"><strong>Tel:<\/strong> 031\/732-107<br \/>\n<strong>Mob: <\/strong>099\/707-2991<br \/>\n<strong>E-mail<\/strong><b>: <a href=\"mailto:zeljka.kolaric@knezevi-vinogradi.hr\" target=\"_blank\" rel=\"noopener noreferrer\">zeljka.kolaric@knezevi-vinogradi.hr<\/a><\/b><\/div><\/div><\/div><\/div>[\/vc_column][vc_column width=&#8221;1\/2&#8243;]<div class=\"c-team-member m-has-portrait\"><div class=\"c-content-box\"><div class=\"team-member-inner\"><div class=\"member-portrait\"><img alt=\"\" src=\"https:\/\/knezevi-vinogradi.hr\/wp-content\/uploads\/2015\/07\/IMG_1261-150x150.jpg\"><\/div><h3 class=\"member-name\">\u010cila Todorovi\u0107<\/h3><h4 class=\"member-role\">Kommun\u00e1lis, \u00e9p\u00edt\u0151ipari \u00e9s k\u00f6rnyezetv\u00e9delmi \u00fcgyint\u00e9z\u0151<\/h4><div class=\"member-description\"><strong>Tel:<\/strong> 031\/730-252<br \/>\n<strong>Mob:<\/strong> 098\/457-378<br \/>\n<strong>E-mail: <\/strong><a href=\"mailto:cila.todorovic@knezevi-vinogradi.hr\" target=\"_blank\" rel=\"noopener noreferrer\">cila.todorovic@knezevi-vinogradi.hr<\/a><\/div><\/div><\/div><\/div>[\/vc_column][\/vc_row][vc_row][vc_column width=&#8221;1\/2&#8243;]<div class=\"c-team-member m-has-portrait\"><div class=\"c-content-box\"><div class=\"team-member-inner\"><div class=\"member-portrait\"><img alt=\"\" src=\"https:\/\/knezevi-vinogradi.hr\/wp-content\/uploads\/2015\/07\/11-150x150.jpg\"><\/div><h3 class=\"member-name\">Tamara Bo\u0161njakovi\u0107<\/h3><h4 class=\"member-role\">P\u00e9nz\u00fcgyi vezet\u0151<\/h4><div class=\"member-description\"><strong>Tel:<\/strong> 031\/730-251<\/div><\/div><\/div><\/div>[\/vc_column][vc_column width=&#8221;1\/2&#8243;]<div class=\"c-team-member m-has-portrait\"><div class=\"c-content-box\"><div class=\"team-member-inner\"><div class=\"member-portrait\"><img alt=\"\" src=\"https:\/\/knezevi-vinogradi.hr\/wp-content\/uploads\/2015\/07\/IMG_1279-150x150.jpg\"><\/div><h3 class=\"member-name\">Marinko Despini\u0107<\/h3><h4 class=\"member-role\">Kommun\u00e1lis \u00e9s mez\u0151gazdas\u00e1gi fel\u00fcgyel\u0151<\/h4><div class=\"member-description\"><strong>Tel:<\/strong> 031\/820-065<br \/>\n<strong>Mob:<\/strong> 091\/932-5268<\/div><\/div><\/div><\/div>[\/vc_column][\/vc_row][vc_row][vc_column width=&#8221;1\/2&#8243;]<div class=\"c-team-member m-has-portrait\"><div class=\"c-content-box\"><div class=\"team-member-inner\"><div class=\"member-portrait\"><img alt=\"\" src=\"https:\/\/knezevi-vinogradi.hr\/wp-content\/uploads\/2015\/07\/IMG_1272-150x150.jpg\"><\/div><h3 class=\"member-name\">Tamara \u010cizmar Mijatov<\/h3><h4 class=\"member-role\">P\u00e9nzt\u00e1ros \u00e9s bev\u00e9telbeszed\u00e9si \u00fcgyint\u00e9z\u0151<\/h4><div class=\"member-description\"><strong>Tel:<\/strong> 031\/730-251<br \/>\n<strong>E-mail:<\/strong>\u00a0<a href=\"mailto:tamara.cizmar.mijatov@knezevi-vinogradi.hr\" target=\"_blank\" rel=\"noopener noreferrer\">tamara.cizmar.mijatov@knezevi-vinogradi.hr<\/a><\/div><\/div><\/div><\/div>[\/vc_column][vc_column width=&#8221;1\/2&#8243;]<div class=\"c-team-member m-has-portrait\"><div class=\"c-content-box\"><div class=\"team-member-inner\"><div class=\"member-portrait\"><img alt=\"\" src=\"https:\/\/knezevi-vinogradi.hr\/wp-content\/uploads\/2015\/07\/IMG_1282-150x150.jpg\"><\/div><h3 class=\"member-name\">Martina Tibor<\/h3><h4 class=\"member-role\">Adminisztr\u00e1ci\u00f3s titk\u00e1r <\/h4><div class=\"member-description\"><strong>Tel:<\/strong> 031\/730-938<br \/>\n<strong>Fax:<\/strong> 031\/732-106<br \/>\n<strong>E-mail:<\/strong> <a href=\"mailto:martina.tibor@knezevi-vinogradi.hr\" target=\"_blank\" rel=\"noopener noreferrer\">martina.tibor@knezevi-vinogradi.hr<\/a><\/div><\/div><\/div><\/div>[\/vc_column][\/vc_row][vc_row][vc_column width=&#8221;1\/2&#8243;]<div class=\"c-team-member m-has-portrait\"><div class=\"c-content-box\"><div class=\"team-member-inner\"><div class=\"member-portrait\"><img alt=\"\" src=\"https:\/\/knezevi-vinogradi.hr\/wp-content\/uploads\/2015\/07\/SKMBT_C224e18111210180_0001-150x150.jpg\"><\/div><h3 class=\"member-name\">Ines Palko Tatai<\/h3><h4 class=\"member-role\">A civil szervezetek \u00e9s a J\u00e1r\u00e1s projektjeinek \u00e9s programjainak v\u00e9grehajt\u00e1s\u00e1\u00e9rt felel\u0151s \u00fcgyint\u00e9z\u0151<\/h4><div class=\"member-description\"><strong>Tel:<\/strong> 031\/730-252<br \/>\n<strong>E-mail<\/strong><b>: <a href=\"mailto:ines.palko-tatai@knezevi-vinogradi.hr\" target=\"_blank\" rel=\"noopener noreferrer\">ines.palko-tatai@knezevi-vinogradi.hr<\/a><\/b><\/div><\/div><\/div><\/div>[\/vc_column][vc_column width=&#8221;1\/2&#8243;]<div class=\"c-team-member m-has-portrait\"><div class=\"c-content-box\"><div class=\"team-member-inner\"><div class=\"member-portrait\"><img alt=\"\" src=\"https:\/\/knezevi-vinogradi.hr\/wp-content\/uploads\/2020\/04\/0001-150x150.jpg\"><\/div><h3 class=\"member-name\">Jelena Budimir<\/h3><h4 class=\"member-role\">K\u00f6zigazgat\u00e1si \u00e9s \u00e1ltal\u00e1nos \u00fcgyek\u00e9rt, valamint a t\u00e1rsadalmi tev\u00e9kenys\u00e9gek\u00e9rt felel\u0151s \u00fcgyint\u00e9z\u0151<\/h4><div class=\"member-description\"><strong>Tel:<\/strong> 031\/730-203<br \/>\n<strong>E-mail: <a href=\"mailto:jelena.budimir@outlook.hr\">jelena.budimir@outlook.com<\/a><\/strong><\/div><\/div><\/div><\/div>[\/vc_column][\/vc_row][vc_row][vc_column]<div class=\"c-team-member m-has-portrait\"><div class=\"c-content-box\"><div class=\"team-member-inner\"><div class=\"member-portrait\"><img alt=\"\" src=\"https:\/\/knezevi-vinogradi.hr\/wp-content\/uploads\/2024\/11\/89da019d-fedd-46f8-b7e3-95eabb83faa2-150x150.jpg\"><\/div><h3 class=\"member-name\">Manuela \u017divi\u010dnjak<\/h3><h4 class=\"member-role\">A kiad\u00e1sok, fizet\u00e9sek \u00e9s a t\u00e1rgyi eszk\u00f6z\u00f6k nyilv\u00e1ntart\u00e1s\u00e1\u00e9rt felel\u0151s \u00fcgyint\u00e9z\u0151<\/h4><div class=\"member-description\"><strong>Telefon:<\/strong>\u00a0031\/730-251<\/div><\/div><\/div><\/div>[\/vc_column][\/vc_row][vc_row][vc_column][\/vc_column][\/vc_row]<\/p>\n","protected":false},"excerpt":{"rendered":"<p>[vc_row][vc_column][\/vc_column][\/vc_row][vc_row][vc_column width=&#8221;1\/2&#8243;][\/vc_column][vc_column width=&#8221;1\/2&#8243;][\/vc_column][\/vc_row][vc_row][vc_column width=&#8221;1\/2&#8243;][\/vc_column][vc_column width=&#8221;1\/2&#8243;][\/vc_column][\/vc_row][vc_row][vc_column width=&#8221;1\/2&#8243;][\/vc_column][vc_column width=&#8221;1\/2&#8243;][\/vc_column][\/vc_row][vc_row][vc_column width=&#8221;1\/2&#8243;][\/vc_column][vc_column width=&#8221;1\/2&#8243;][\/vc_column][\/vc_row][vc_row][vc_column][\/vc_column][\/vc_row][vc_row][vc_column][\/vc_column][\/vc_row]<\/p>\n","protected":false},"author":4,"featured_media":0,"parent":4869,"menu_order":0,"comment_status":"closed","ping_status":"open","template":"","meta":[],"_links":{"self":[{"href":"https:\/\/knezevi-vinogradi.hr\/hu\/wp-json\/wp\/v2\/pages\/4871\/"}],"collection":[{"href":"https:\/\/knezevi-vinogradi.hr\/hu\/wp-json\/wp\/v2\/pages\/"}],"about":[{"href":"https:\/\/knezevi-vinogradi.hr\/hu\/wp-json\/wp\/v2\/types\/page\/"}],"author":[{"embeddable":true,"href":"https:\/\/knezevi-vinogradi.hr\/hu\/wp-json\/wp\/v2\/users\/4\/"}],"replies":[{"embeddable":true,"href":"https:\/\/knezevi-vinogradi.hr\/hu\/wp-json\/wp\/v2\/comments\/?post=4871"}],"version-history":[{"count":8,"href":"https:\/\/knezevi-vinogradi.hr\/hu\/wp-json\/wp\/v2\/pages\/4871\/revisions\/"}],"predecessor-version":[{"id":60785,"href":"https:\/\/knezevi-vinogradi.hr\/hu\/wp-json\/wp\/v2\/pages\/4871\/revisions\/60785\/"}],"up":[{"embeddable":true,"href":"https:\/\/knezevi-vinogradi.hr\/hu\/wp-json\/wp\/v2\/pages\/4869\/"}],"wp:attachment":[{"href":"https:\/\/knezevi-vinogradi.hr\/hu\/wp-json\/wp\/v2\/media\/?parent=4871"}],"curies":[{"name":"wp","href":"https:\/\/api.w.org\/{rel}","templated":true}]}}