{"id":4907,"date":"2015-10-08T19:18:31","date_gmt":"2015-10-08T17:18:31","guid":{"rendered":"https:\/\/knezevi-vinogradi.hr\/?page_id=4907"},"modified":"2015-10-09T22:35:33","modified_gmt":"2015-10-09T20:35:33","slug":"nemzeti-kisebbseg-kepviselotestulete","status":"publish","type":"page","link":"https:\/\/knezevi-vinogradi.hr\/hu\/szervezet\/nemzeti-kisebbseg-kepviselotestulete\/","title":{"rendered":"Nemzeti Kisebbs\u00e9g K\u00e9pvisel\u0151test\u00fclete"},"content":{"rendered":"<p>A Hercegsz\u00f6l\u0151si J\u00e1r\u00e1s kisebbs\u00e9gi k\u00e9pvisel\u0151test\u00fclet\u00e9be 10 tag v\u00e1lasztott.<\/p>\n<p>A nemzeti kisebbs\u00e9gek k\u00e9pvisel\u0151test\u00fclet tagjai \u00e9s k\u00e9pvisel\u0151i k\u00f6zvetlen\u00fcl titkos szavaz\u00e1ssal n\u00e9gy \u00e9vre v\u00e1lasztj\u00e1k \u00e9s s v\u00e1laszt\u00e1si elj\u00e1r\u00e1sr\u00f3l \u00e9s egy\u00e9b a v\u00e1laszt\u00e1shoz kapcsol\u00f3d\u00f3 k\u00e9rd\u00e9seket illet\u0151en a t\u00f6rv\u00e9ny rendelkez\u00e9sei szab\u00e1lyoz\u00e1s\u00e1sval amelyel a k\u00e9pviseleti tagok v\u00e1laszt\u00f3i d\u00f6nt\u00e9se van berendezve helyi \u00f6nkorm\u00e1nyzat.<\/p>\n<p>A nemzeti kisebbs\u00e9gek k\u00e9pvisel\u0151test\u00fclet\u00e9nek jogai:<\/p>\n<ul>\n<li>javaslatot tesz az \u00f6nkorm\u00e1nyzat egys\u00e9geinek, int\u00e9zked\u00e9seket a kiebbs\u00e9gek helyzet\u00e9nek jav\u00edt\u00e1s\u00e1r\u00f3l az orsz\u00e1gban vagy egy adott r\u00e9gi\u00f3ban, bele\u00e9rtve a beny\u00fajtott javaslatokat a J\u00e1r\u00e1si rendeletekbe amelyekkel szab\u00e1lyozz\u00e1k a nemzeti kisebbs\u00e9gek test\u00fclet\u00e9t \u00e9rint\u0151 fontos k\u00e9rd\u00e9seket<\/li>\n<li>kiemelni a jel\u00f6lteket k\u00f6ttelezetts\u00e9gre az \u00e1llamigazgat\u00e1si test\u00fcletekben \u00e9s az \u00f6nkorm\u00e1nyzati egys\u00e9gekben<\/li>\n<li>t\u00e1j\u00e9koztatva lenni minden k\u00e9rd\u00e9sr\u0151l amelyr\u0151l t\u00e1rgyalni fog a K\u00e9pvisel\u0151test\u00fclet \u00f6nkorm\u00e1yzati egys\u00e9ge a nemzeti kisebbs\u00e9gek elhelyezked\u00e9s\u00e9t \u00e9rint\u0151en<\/li>\n<li>v\u00e9lem\u00e9nyeket \u00e9s javaslatokat adni a r\u00e1di\u00f3 \u00e9s telev\u00edzi\u00f3 \u00e1llom\u00e1sok programj\u00e1r\u00f3l helyi \u00e9s region\u00e1lis szinten nemzeti kisebbs\u00e9geknek sz\u00e1nt, illetve a programokra amelyek a kisebbs\u00e9gi k\u00e9rd\u00e9sekre vonatkoznak.<\/li>\n<\/ul>\n<p>A Hercegsz\u00f6l\u0151si J\u00e1r\u00e1s ter\u00fclet\u00e9n a nemzeti kisebbs\u00e9gek k\u00e9pvisel\u0151test\u00fclet\u00e9nek v\u00e1laszt\u00e1s\u00e1n 2015-ben k\u00e9t k\u00e9pvisel\u0151test\u00fcletet v\u00e1lasztottak: Magyar nemzeti kisebbs\u00e9gek k\u00e9pvisel\u0151test\u00fclete \u00e9s Szerb nemzeti kisebbs\u00e9g k\u00e9pvisel\u0151test\u00fclete<\/p>\n<hr \/>\n<p>A n\u00e9met nemti kisebbs\u00e9gnek a Hercegsz\u00f6l\u0151si J\u00e1r\u00e1s ter\u00fclet\u00e9n a 2015 v\u00e1laszt\u00e1sig volt k\u00e9pvisel\u0151je. 2011-t\u0151l-2015-ig ezt a poz\u00edci\u00f3t Antun Albert t\u00f6lt\u00f6tte be, 2007-2011 Kromer Josip, 2003-2007-ig a n\u00e9met kisebbs\u00e9gnek k\u00e9pvisel\u0151test\u00fcklete volt amelynek tagjaiAlbert Antun, Friedl Vilmo\u0161, Geli Jo\u017eef, Kromer Josip, Rickert Bela, Schot \u0110ula voltak.<\/p>\n","protected":false},"excerpt":{"rendered":"<p>A Hercegsz\u00f6l\u0151si J\u00e1r\u00e1s kisebbs\u00e9gi k\u00e9pvisel\u0151test\u00fclet\u00e9be 10 tag v\u00e1lasztott. A nemzeti kisebbs\u00e9gek k\u00e9pvisel\u0151test\u00fclet tagjai \u00e9s k\u00e9pvisel\u0151i k\u00f6zvetlen\u00fcl titkos szavaz\u00e1ssal n\u00e9gy \u00e9vre v\u00e1lasztj\u00e1k \u00e9s s v\u00e1laszt\u00e1si elj\u00e1r\u00e1sr\u00f3l \u00e9s egy\u00e9b a v\u00e1laszt\u00e1shoz kapcsol\u00f3d\u00f3 k\u00e9rd\u00e9seket illet\u0151en a t\u00f6rv\u00e9ny rendelkez\u00e9sei szab\u00e1lyoz\u00e1s\u00e1sval amelyel a k\u00e9pviseleti tagok v\u00e1laszt\u00f3i d\u00f6nt\u00e9se van berendezve helyi \u00f6nkorm\u00e1nyzat. A nemzeti kisebbs\u00e9gek k\u00e9pvisel\u0151test\u00fclet\u00e9nek jogai: javaslatot tesz az \u00f6nkorm\u00e1nyzat [&hellip;]<\/p>\n","protected":false},"author":4,"featured_media":0,"parent":4867,"menu_order":0,"comment_status":"closed","ping_status":"open","template":"","meta":[],"_links":{"self":[{"href":"https:\/\/knezevi-vinogradi.hr\/hu\/wp-json\/wp\/v2\/pages\/4907\/"}],"collection":[{"href":"https:\/\/knezevi-vinogradi.hr\/hu\/wp-json\/wp\/v2\/pages\/"}],"about":[{"href":"https:\/\/knezevi-vinogradi.hr\/hu\/wp-json\/wp\/v2\/types\/page\/"}],"author":[{"embeddable":true,"href":"https:\/\/knezevi-vinogradi.hr\/hu\/wp-json\/wp\/v2\/users\/4\/"}],"replies":[{"embeddable":true,"href":"https:\/\/knezevi-vinogradi.hr\/hu\/wp-json\/wp\/v2\/comments\/?post=4907"}],"version-history":[{"count":2,"href":"https:\/\/knezevi-vinogradi.hr\/hu\/wp-json\/wp\/v2\/pages\/4907\/revisions\/"}],"predecessor-version":[{"id":5221,"href":"https:\/\/knezevi-vinogradi.hr\/hu\/wp-json\/wp\/v2\/pages\/4907\/revisions\/5221\/"}],"up":[{"embeddable":true,"href":"https:\/\/knezevi-vinogradi.hr\/hu\/wp-json\/wp\/v2\/pages\/4867\/"}],"wp:attachment":[{"href":"https:\/\/knezevi-vinogradi.hr\/hu\/wp-json\/wp\/v2\/media\/?parent=4907"}],"curies":[{"name":"wp","href":"https:\/\/api.w.org\/{rel}","templated":true}]}}