{"id":4908,"date":"2015-05-25T23:51:33","date_gmt":"2015-05-25T21:51:33","guid":{"rendered":"https:\/\/knezevi-vinogradi.hr\/?page_id=4908"},"modified":"2024-10-25T09:13:02","modified_gmt":"2024-10-25T07:13:02","slug":"magyar-nemzeti-kisebbseg-kepviselotestulete","status":"publish","type":"page","link":"https:\/\/knezevi-vinogradi.hr\/hu\/szervezet\/nemzeti-kisebbseg-kepviselotestulete\/magyar-nemzeti-kisebbseg-kepviselotestulete\/","title":{"rendered":"Magyar Nemzeti Kisebbs\u00e9g K\u00e9pvisel\u0151test\u00fclete"},"content":{"rendered":"<p>A K\u00e9pvisel\u0151test\u00fclet c\u00e9lja a magyar nemzetis\u00e9g\u0171 kisebbs\u00e9g tagjainak v\u00e9delme \u00e9s t\u00e1mogat\u00e1sa \u00f6sszhangan a nemzeti kisebbs\u00e9gek jogair\u00f3l sz\u00f3l\u00f3 Alkotm\u00e1nyos t\u00f6rv\u00e9ny rendelkez\u00e9seivel. A c\u00e9lok megval\u00f3sul\u00e1sa:<\/p>\n<ul>\n<li>az \u00e1llami test\u00fclketeknek int\u00e9zked\u00e9seket javasol illetve a Hercegsz\u0151l\u0151si J\u00e1r\u00e1s \u00f6nkorm\u00e1nyzati egys\u00e9g\u00e9nek a magyar nemzeti kisebbs\u00e9g helyzet\u00e9nek el\u0151rehalad\u00e1s\u00e1\u00e9rt , bele\u00e9rtve az \u00e1ltal\u00e1nos szab\u00e1lyoz\u00e1s javaslat\u00e1nak beny\u00fajt\u00e1s\u00e1t amelyel szab\u00e1lyozz\u00e1k a fontos k\u00e9rd\u00e9seket a magyar nemzeti test\u00fcletekr\u0151l amelyek elfogadj\u00e1k \u0151ket<\/li>\n<li>kiemelni a jel\u00f6lteket k\u00f6ttelezetts\u00e9gre az \u00e1llamigazgat\u00e1si test\u00fcletekben \u00e9s az \u00f6nkorm\u00e1nyzati egys\u00e9gekben- Hercegsz\u0151l\u0151si J\u00e1r\u00e1s<\/li>\n<li>t\u00e1j\u00e9koztatva lenni minden k\u00e9rd\u00e9sr\u0151l amelyr\u0151l t\u00e1rgyalni fog a K\u00e9pvisel\u0151test\u00fclet \u00f6nkorm\u00e1yzati egys\u00e9ge a magyar nemzeti kisebbs\u00e9gek elhelyezked\u00e9s\u00e9t \u00e9rint\u0151en<\/li>\n<li>v\u00e9lem\u00e9nyeket \u00e9s javaslatokat adni a r\u00e1di\u00f3 \u00e9s telev\u00edzi\u00f3 \u00e1llom\u00e1sok programj\u00e1r\u00f3l helyi \u00e9s region\u00e1lis szinten nemzeti kisebbs\u00e9geknek sz\u00e1nt, illetve a programokra amelyek a kisebbs\u00e9gi k\u00e9rd\u00e9sekre vonatkoznak<\/li>\n<li>v\u00e9lem\u00e9nyeket \u00e9s javaslatokat ny\u00fajt \u00e9s int\u00e9zked\u00e9seket tesz az oktat\u00e1s\u00e9rt a nemzeti kisebbs\u00e9g nyelv\u00e9n<\/li>\n<li>v\u00e9lem\u00e9nyeket \u00e9s javaslatokat ny\u00fajt \u00e9s int\u00e9zked\u00e9seket tesz a nemzeti kisebbs\u00e9g helyzet\u00e9nek \u00e9s szitu\u00e1ci\u00f3j\u00e1nak javit\u00e1s\u00e1\u00e9rt kapcsolatban a kult\u00fara ter\u00fclet\u00e9n<\/li>\n<li>tan\u00e1csol\u00e1sokat szervez, \u00e9s<\/li>\n<li>m\u00e1s tev\u00e9kenys\u00e9geken kereszt\u00fcl amelyek hozz\u00e1j\u00e1rulnak a c\u00e9lok el\u00e9r\u00e9s\u00e9hez a K\u00e9pvisel\u0151test\u00fclet munkaprogram\u00e1nak megfelel\u0151en.<\/li>\n<\/ul>\n<p><strong>2023. (16.06.2023.):<\/strong><\/p>\n<ol>\n<li>Jo\u017eef Kozar &#8211; eln\u00f6k<\/li>\n<li>Zoltan \u0160ipo\u0161 &#8211; eln\u00f6k helyettes<\/li>\n<li>Atila Horvat<\/li>\n<li>Julianna Sabo<\/li>\n<li>Edina Romer<\/li>\n<li>I\u0161tvan Midlinski<\/li>\n<li>Ferenc Rabi<\/li>\n<li>Marija Sele\u0161i<\/li>\n<li>Marika Kobia<\/li>\n<li>Ibojka Ro\u0161ta<\/li>\n<\/ol>\n<p><strong>2019. (19.06.2019.):<\/strong><br \/>\n1. Jo\u017eef Kozar &#8211; eln\u00f6k<br \/>\n2. Atila Horvat &#8211; eln\u00f6k helyettes<br \/>\n3. Ilona Pinkert<br \/>\n4. Zoltan \u0160ipo\u0161<br \/>\n5. Julianna Szabo<br \/>\n6. Livia Kete\u0161<br \/>\n7. Ferenc Rabi<br \/>\n8. Ro\u017ea Horvat<br \/>\n9. I\u0161tvan Midlinski<br \/>\n10. Marika Kobia<\/p>\n<p><em><strong>TAGOK \u00a0&#8211;\u00a0<\/strong><\/em>(alap\u00edtott 2015.01.07.):<\/p>\n<p>1. Toma\u0161i\u0107 Deak Korina \u2013 eln\u00f6k<br \/>\n2. An\u0111al \u0110ula \u2013 eln\u00f6k helyettes<br \/>\n3. mg. \u0160oja Dene\u0161<br \/>\n4. Kolar Kinga<br \/>\n5. Karasi Josip<br \/>\n6. Bistrican Lilla<br \/>\n7. Varga Ferenc<br \/>\n8. M\u00f3ricz J\u00f3zsef Zolt\u00e1n<br \/>\n9. Horvat Karolj<br \/>\n10. Trnko Ilona<\/p>\n","protected":false},"excerpt":{"rendered":"<p>A K\u00e9pvisel\u0151test\u00fclet c\u00e9lja a magyar nemzetis\u00e9g\u0171 kisebbs\u00e9g tagjainak v\u00e9delme \u00e9s t\u00e1mogat\u00e1sa \u00f6sszhangan a nemzeti kisebbs\u00e9gek jogair\u00f3l sz\u00f3l\u00f3 Alkotm\u00e1nyos t\u00f6rv\u00e9ny rendelkez\u00e9seivel. A c\u00e9lok megval\u00f3sul\u00e1sa: az \u00e1llami test\u00fclketeknek int\u00e9zked\u00e9seket javasol illetve a Hercegsz\u0151l\u0151si J\u00e1r\u00e1s \u00f6nkorm\u00e1nyzati egys\u00e9g\u00e9nek a magyar nemzeti kisebbs\u00e9g helyzet\u00e9nek el\u0151rehalad\u00e1s\u00e1\u00e9rt , bele\u00e9rtve az \u00e1ltal\u00e1nos szab\u00e1lyoz\u00e1s javaslat\u00e1nak beny\u00fajt\u00e1s\u00e1t amelyel szab\u00e1lyozz\u00e1k a fontos k\u00e9rd\u00e9seket a magyar nemzeti [&hellip;]<\/p>\n","protected":false},"author":4,"featured_media":0,"parent":4907,"menu_order":0,"comment_status":"closed","ping_status":"closed","template":"","meta":[],"_links":{"self":[{"href":"https:\/\/knezevi-vinogradi.hr\/hu\/wp-json\/wp\/v2\/pages\/4908\/"}],"collection":[{"href":"https:\/\/knezevi-vinogradi.hr\/hu\/wp-json\/wp\/v2\/pages\/"}],"about":[{"href":"https:\/\/knezevi-vinogradi.hr\/hu\/wp-json\/wp\/v2\/types\/page\/"}],"author":[{"embeddable":true,"href":"https:\/\/knezevi-vinogradi.hr\/hu\/wp-json\/wp\/v2\/users\/4\/"}],"replies":[{"embeddable":true,"href":"https:\/\/knezevi-vinogradi.hr\/hu\/wp-json\/wp\/v2\/comments\/?post=4908"}],"version-history":[{"count":3,"href":"https:\/\/knezevi-vinogradi.hr\/hu\/wp-json\/wp\/v2\/pages\/4908\/revisions\/"}],"predecessor-version":[{"id":60604,"href":"https:\/\/knezevi-vinogradi.hr\/hu\/wp-json\/wp\/v2\/pages\/4908\/revisions\/60604\/"}],"up":[{"embeddable":true,"href":"https:\/\/knezevi-vinogradi.hr\/hu\/wp-json\/wp\/v2\/pages\/4907\/"}],"wp:attachment":[{"href":"https:\/\/knezevi-vinogradi.hr\/hu\/wp-json\/wp\/v2\/media\/?parent=4908"}],"curies":[{"name":"wp","href":"https:\/\/api.w.org\/{rel}","templated":true}]}}