{"id":4909,"date":"2015-05-25T23:52:51","date_gmt":"2015-05-25T21:52:51","guid":{"rendered":"https:\/\/knezevi-vinogradi.hr\/?page_id=4909"},"modified":"2015-10-08T19:29:31","modified_gmt":"2015-10-08T17:29:31","slug":"szerb-nemzeti-kisebbseg-kepviselotestulete","status":"publish","type":"page","link":"https:\/\/knezevi-vinogradi.hr\/hu\/szervezet\/nemzeti-kisebbseg-kepviselotestulete\/szerb-nemzeti-kisebbseg-kepviselotestulete\/","title":{"rendered":"Szerb Nemzeti Kisebbs\u00e9g K\u00e9pvisel\u0151test\u00fclete"},"content":{"rendered":"<p>A szerb nemzeti kissebbs\u00e9g K\u00e9pvisel\u0151test\u00fclete egy non-profit jogi szem\u00e9ly amely azzal a c\u00e9llal j\u00f6tt l\u00e9tre , hogy fejlesztje , kimutassa \u00e9s v\u00e9dje a szerb nemzeti kisebbs\u00e9g pozici\u00f3j\u00e1t a Hercegsz\u0151l\u0151si J\u00e1r\u00e1sban A szerb nemzeti kisebbs\u00e9g a Hercegsz\u0151l\u0151si J\u00e1r\u00e1s ter\u00fclet\u00e9r\u0151l v\u00e1lasztja k\u00e9pvisel\u0151it a K\u00e9pvisel\u0151test\u00fcletbe \u00f6sszhangban a t\u00f6rv\u00e9nyel, hogy r\u00e9szt vegyenek a k\u00f6z\u00e9letben \u00e9s a helyi \u00fcgyek \u00edr\u00e1ny\u00edt\u00e1s\u00e1ban, amelyek k\u00fcl\u00f6n\u00f6sen fontosak a szerb nemzeti kisebbs\u00e9g sz\u00e1m\u00e1ra.<\/p>\n<p>A K\u00e9pvisel\u0151test\u00fclet c\u00e9ljai:<\/p>\n<ul>\n<li>Megval\u00f3s\u00edt\u00e1sa valamint v\u00e9delme az emberi, nemzeti, politikai, gazdas\u00e1gi, t\u00e1rsadalmi, kultur\u00e1lis, oktat\u00e1si \u00e9s egy\u00e9b jagaik , amelyek a szerb nemzeti kisebbs\u00e9g \u00e9rdekeiben vannal a tev\u00e9kenys\u00e9g\u00fck ter\u00fclet\u00e9n<\/li>\n<li>Fejleszt\u00e9se \u00e9s meg\u0151rz\u00e9se a nemzeti, kult\u00far\u00e1lis, vall\u00e1si \u00e9s nyelvi indentit\u00e1s\u00e1nak a szerbeknek Horv\u00e1torsz\u00e1gban, hogy megakad\u00e1lyozz\u00e1k az asszimil\u00e1ci\u00f3jukat<\/li>\n<li>Egy\u00fcttm\u0171k\u00f6d\u00e9s fejleszt\u00e9se a szerb nemzeti k\u00f6z\u00f6ss\u00e9gen bel\u00fcl Horv\u00e1torsz\u00e1gban \u00e9s egy\u00fcttm\u0171k\u00f6d\u00e9s a t\u00f6bbs\u00e9gi nemzettel \u00e9s m\u00e1s nemzeti kisebbs\u00e9ggel Horvatorsz\u00e1gban<\/li>\n<li>Kapcsolatok fejlezst\u00e9se \u00e9s egy\u00fcttm\u0171k\u00f6d\u00e9se m\u00e1s szerb szervezettel \u00e9s int\u00e9zm\u00e9nyekkel Horv\u00e1torsz\u00e1gban<\/li>\n<li>Egy\u00fcttm\u0171k\u00f6d\u00e9s szervezetekkel \u00e9s int\u00e9zm\u00e9nyekkel az anyaorsz\u00e1gban, k\u00fcl\u00f6n\u00f6sena a horv\u00e1torsz\u00e1g ter\u00fclet\u00e9r\u0151l sz\u00e1rmaz\u00f3 szerbekkel.<\/li>\n<\/ul>\n<p><em><strong>TAGOK \u00a0&#8211;\u00a0<\/strong><\/em>(alap\u00edtott 2015.01.07.):<\/p>\n<p>1. Banovi\u0107 Spomenka \u2013 eln\u00f6k<br \/>\n2. Lazarevi\u0107 Bo\u0161ko \u2013 eln\u00f6k helyettes<br \/>\n3. Lukovi\u0107 Du\u0161an<br \/>\n4. Horvat Vladimir<br \/>\n5. Mihajlovi\u0107 Savo<br \/>\n6. \u0160a\u0161li\u0107 Svetomir<br \/>\n7. \u0160ujdovi\u0107 Slobodan<br \/>\n8. Vu\u010denovi\u0107 Biserka<br \/>\n9. Trbovi\u0107 Rade<br \/>\n10. Bodlovi\u0107 Jasminka<\/p>\n","protected":false},"excerpt":{"rendered":"<p>A szerb nemzeti kissebbs\u00e9g K\u00e9pvisel\u0151test\u00fclete egy non-profit jogi szem\u00e9ly amely azzal a c\u00e9llal j\u00f6tt l\u00e9tre , hogy fejlesztje , kimutassa \u00e9s v\u00e9dje a szerb nemzeti kisebbs\u00e9g pozici\u00f3j\u00e1t a Hercegsz\u0151l\u0151si J\u00e1r\u00e1sban A szerb nemzeti kisebbs\u00e9g a Hercegsz\u0151l\u0151si J\u00e1r\u00e1s ter\u00fclet\u00e9r\u0151l v\u00e1lasztja k\u00e9pvisel\u0151it a K\u00e9pvisel\u0151test\u00fcletbe \u00f6sszhangban a t\u00f6rv\u00e9nyel, hogy r\u00e9szt vegyenek a k\u00f6z\u00e9letben \u00e9s a helyi \u00fcgyek \u00edr\u00e1ny\u00edt\u00e1s\u00e1ban, [&hellip;]<\/p>\n","protected":false},"author":4,"featured_media":0,"parent":4907,"menu_order":1,"comment_status":"closed","ping_status":"closed","template":"","meta":[],"_links":{"self":[{"href":"https:\/\/knezevi-vinogradi.hr\/hu\/wp-json\/wp\/v2\/pages\/4909\/"}],"collection":[{"href":"https:\/\/knezevi-vinogradi.hr\/hu\/wp-json\/wp\/v2\/pages\/"}],"about":[{"href":"https:\/\/knezevi-vinogradi.hr\/hu\/wp-json\/wp\/v2\/types\/page\/"}],"author":[{"embeddable":true,"href":"https:\/\/knezevi-vinogradi.hr\/hu\/wp-json\/wp\/v2\/users\/4\/"}],"replies":[{"embeddable":true,"href":"https:\/\/knezevi-vinogradi.hr\/hu\/wp-json\/wp\/v2\/comments\/?post=4909"}],"version-history":[{"count":1,"href":"https:\/\/knezevi-vinogradi.hr\/hu\/wp-json\/wp\/v2\/pages\/4909\/revisions\/"}],"predecessor-version":[{"id":4914,"href":"https:\/\/knezevi-vinogradi.hr\/hu\/wp-json\/wp\/v2\/pages\/4909\/revisions\/4914\/"}],"up":[{"embeddable":true,"href":"https:\/\/knezevi-vinogradi.hr\/hu\/wp-json\/wp\/v2\/pages\/4907\/"}],"wp:attachment":[{"href":"https:\/\/knezevi-vinogradi.hr\/hu\/wp-json\/wp\/v2\/media\/?parent=4909"}],"curies":[{"name":"wp","href":"https:\/\/api.w.org\/{rel}","templated":true}]}}