{"id":4916,"date":"2015-05-25T21:39:26","date_gmt":"2015-05-25T19:39:26","guid":{"rendered":"https:\/\/knezevi-vinogradi.hr\/?page_id=4916"},"modified":"2015-10-09T22:49:39","modified_gmt":"2015-10-09T20:49:39","slug":"az-informaciokhoz-valo-hozzaferes-joganak-megvalositasa","status":"publish","type":"page","link":"https:\/\/knezevi-vinogradi.hr\/hu\/szervezet\/az-informaciokhoz-valo-hozzaferes-joganak-megvalositasa\/","title":{"rendered":"Az inform\u00e1ci\u00f3khoz val\u00f3 hozz\u00e1f\u00e9r\u00e9s jog\u00e1nak megval\u00f3s\u00edt\u00e1sa"},"content":{"rendered":"<p>A felhaszn\u00e1l\u00f3 jogosult az inform\u00e1ci\u00f3khoz hozz\u00e1f\u00e9rni sz\u00f3beli vagy \u00edr\u00e1sbeli k\u00e9relem beny\u00fajt\u00e1s\u00e1val a Hercegsz\u00f6ll\u0151si J\u00e1r\u00e1snak.<\/p>\n<p>A sz\u00f3beli k\u00e9relmet a felhaszn\u00e1l\u00f3 szem\u00e9lyesen vagy\u00ed telefonon \u00e1tadhatja: +385 (0) 31 730 938 vagy +385 (0) 31 732 107, vagy:<\/p>\n<ul>\n<li>\u00cdr\u00e1sban post\u00e1n:<br \/>\n<strong>Op\u0107ina Kne\u017eevi Vinogradi<\/strong><br \/>\nJedinstveni upravni odjel<br \/>\nHrvatske Republike 3, \u00a031309 Kne\u017eevi Vinogradi<\/li>\n<li>Az e-mail c\u00edmre : <a href=\"mailto:opcina@knezevi-vinogradi.hr\" target=\"_blank\">opcina@knezevi-vinogradi.hr<\/a><\/li>\n<\/ul>\n<p>A Hercegsz\u00f6ll\u0151si J\u00e1r\u00e1s inform\u00e1ci\u00f3ad\u00e1s\u00e1\u00e9rt felel\u0151s alkalmazott: Kolari\u0107 \u017deljka.<\/p>\n","protected":false},"excerpt":{"rendered":"<p>A felhaszn\u00e1l\u00f3 jogosult az inform\u00e1ci\u00f3khoz hozz\u00e1f\u00e9rni sz\u00f3beli vagy \u00edr\u00e1sbeli k\u00e9relem beny\u00fajt\u00e1s\u00e1val a Hercegsz\u00f6ll\u0151si J\u00e1r\u00e1snak. A sz\u00f3beli k\u00e9relmet a felhaszn\u00e1l\u00f3 szem\u00e9lyesen vagy\u00ed telefonon \u00e1tadhatja: +385 (0) 31 730 938 vagy +385 (0) 31 732 107, vagy: \u00cdr\u00e1sban post\u00e1n: Op\u0107ina Kne\u017eevi Vinogradi Jedinstveni upravni odjel Hrvatske Republike 3, \u00a031309 Kne\u017eevi Vinogradi Az e-mail c\u00edmre : opcina@knezevi-vinogradi.hr A [&hellip;]<\/p>\n","protected":false},"author":4,"featured_media":0,"parent":4867,"menu_order":0,"comment_status":"closed","ping_status":"open","template":"","meta":[],"_links":{"self":[{"href":"https:\/\/knezevi-vinogradi.hr\/hu\/wp-json\/wp\/v2\/pages\/4916\/"}],"collection":[{"href":"https:\/\/knezevi-vinogradi.hr\/hu\/wp-json\/wp\/v2\/pages\/"}],"about":[{"href":"https:\/\/knezevi-vinogradi.hr\/hu\/wp-json\/wp\/v2\/types\/page\/"}],"author":[{"embeddable":true,"href":"https:\/\/knezevi-vinogradi.hr\/hu\/wp-json\/wp\/v2\/users\/4\/"}],"replies":[{"embeddable":true,"href":"https:\/\/knezevi-vinogradi.hr\/hu\/wp-json\/wp\/v2\/comments\/?post=4916"}],"version-history":[{"count":2,"href":"https:\/\/knezevi-vinogradi.hr\/hu\/wp-json\/wp\/v2\/pages\/4916\/revisions\/"}],"predecessor-version":[{"id":5229,"href":"https:\/\/knezevi-vinogradi.hr\/hu\/wp-json\/wp\/v2\/pages\/4916\/revisions\/5229\/"}],"up":[{"embeddable":true,"href":"https:\/\/knezevi-vinogradi.hr\/hu\/wp-json\/wp\/v2\/pages\/4867\/"}],"wp:attachment":[{"href":"https:\/\/knezevi-vinogradi.hr\/hu\/wp-json\/wp\/v2\/media\/?parent=4916"}],"curies":[{"name":"wp","href":"https:\/\/api.w.org\/{rel}","templated":true}]}}