{"id":4926,"date":"2015-10-08T19:48:34","date_gmt":"2015-10-08T17:48:34","guid":{"rendered":"https:\/\/knezevi-vinogradi.hr\/?page_id=4926"},"modified":"2015-10-08T19:48:34","modified_gmt":"2015-10-08T17:48:34","slug":"intezetek-es-cegek","status":"publish","type":"page","link":"https:\/\/knezevi-vinogradi.hr\/hu\/intezetek-es-cegek\/","title":{"rendered":"Int\u00e9zetek \u00e9s c\u00e9gek"},"content":{"rendered":null,"protected":false},"excerpt":{"rendered":"","protected":false},"author":4,"featured_media":0,"parent":0,"menu_order":0,"comment_status":"closed","ping_status":"open","template":"","meta":[],"_links":{"self":[{"href":"https:\/\/knezevi-vinogradi.hr\/hu\/wp-json\/wp\/v2\/pages\/4926\/"}],"collection":[{"href":"https:\/\/knezevi-vinogradi.hr\/hu\/wp-json\/wp\/v2\/pages\/"}],"about":[{"href":"https:\/\/knezevi-vinogradi.hr\/hu\/wp-json\/wp\/v2\/types\/page\/"}],"author":[{"embeddable":true,"href":"https:\/\/knezevi-vinogradi.hr\/hu\/wp-json\/wp\/v2\/users\/4\/"}],"replies":[{"embeddable":true,"href":"https:\/\/knezevi-vinogradi.hr\/hu\/wp-json\/wp\/v2\/comments\/?post=4926"}],"version-history":[{"count":1,"href":"https:\/\/knezevi-vinogradi.hr\/hu\/wp-json\/wp\/v2\/pages\/4926\/revisions\/"}],"predecessor-version":[{"id":4927,"href":"https:\/\/knezevi-vinogradi.hr\/hu\/wp-json\/wp\/v2\/pages\/4926\/revisions\/4927\/"}],"wp:attachment":[{"href":"https:\/\/knezevi-vinogradi.hr\/hu\/wp-json\/wp\/v2\/media\/?parent=4926"}],"curies":[{"name":"wp","href":"https:\/\/api.w.org\/{rel}","templated":true}]}}