{"id":4928,"date":"2015-05-26T00:12:15","date_gmt":"2015-05-25T22:12:15","guid":{"rendered":"https:\/\/knezevi-vinogradi.hr\/?page_id=4928"},"modified":"2017-04-05T14:00:26","modified_gmt":"2017-04-05T13:00:26","slug":"knezevi-parkovi-kft","status":"publish","type":"page","link":"https:\/\/knezevi-vinogradi.hr\/hu\/intezetek-es-cegek\/knezevi-parkovi-kft\/","title":{"rendered":"Kne\u017eevi parkovi kft."},"content":{"rendered":"<p>[vc_row][vc_column]<div class=\"c-content-box m-forced\">\n\n\t\t<style type=\"text\/css\">\n\t\t\t#gallery-1 {\n\t\t\t\tmargin: auto;\n\t\t\t}\n\t\t\t#gallery-1 .gallery-item {\n\t\t\t\tfloat: left;\n\t\t\t\tmargin-top: 10px;\n\t\t\t\ttext-align: center;\n\t\t\t\twidth: 100%;\n\t\t\t}\n\t\t\t#gallery-1 img {\n\t\t\t\tborder: 2px solid #cfcfcf;\n\t\t\t}\n\t\t\t#gallery-1 .gallery-caption {\n\t\t\t\tmargin-left: 0;\n\t\t\t}\n\t\t\t\/* see gallery_shortcode() in wp-includes\/media.php *\/\n\t\t<\/style>\n\t\t<div id='gallery-1' class='gallery galleryid-4928 gallery-columns-1 gallery-size-full'><dl class='gallery-item'>\n\t\t\t<dt class='gallery-icon landscape'>\n\t\t\t\t<a href='https:\/\/knezevi-vinogradi.hr\/wp-content\/uploads\/2015\/05\/KP-Logo.png' title=\"\" data-rl_title=\"\" class=\"rl-gallery-link\" data-rl_caption=\"\" data-rel=\"lightbox-gallery-1\"><img width=\"207\" height=\"48\" src=\"https:\/\/knezevi-vinogradi.hr\/wp-content\/uploads\/2015\/05\/KP-Logo.png\" class=\"attachment-full size-full\" alt=\"\" loading=\"lazy\" \/><\/a>\n\t\t\t<\/dt><\/dl><br style=\"clear: both\" \/>\n\t\t<\/div>\n\n<p>A Kne\u017eevi parkovi kft. c\u00e9ge a Hercegsz\u0151ll\u00f6si \u00f6nkorm\u00e1nyzat \u00e1ltal j\u00f6tt l\u00e9tre a k\u00f6zs\u00e9gi gazdas\u00e1g megszervez\u00e9se, t\u00e1mogat\u00e1sa \u00e9s fejleszt\u00e9se a miatt. A c\u00e9g 2015\/01\/04 alakult \u00e9s azonnal \u00e1tvette a ir\u00e1ny\u00edt\u00e1st, a gazdas\u00e1g \u00e9s a k\u00f6z\u00fczemi infrastrukt\u00fara felett a Hercegsz\u0151ll\u00f6si J\u00e1r\u00e1sban.<\/p>\n<p>Sz\u00e1mos gazdas\u00e1gi tev\u00e9kenys\u00e9get a Hercegsz\u0151ll\u00f6si J\u00e1r\u00e1s ter\u00fclet\u00e9n, f\u0151leg az intenz\u00edv beruh\u00e1z\u00e1si fejleszt\u00e9si tev\u00e9kenys\u00e9gek a mez\u0151gazdas\u00e1g, a feldolgoz\u00f3ipar, a turizmus \u00e9s a k\u00f6zm\u0171vek ter\u00fclet\u00e9n kiszabtta a v\u00e1llalat l\u00e9trehoz\u00e1s\u00e1nak sz\u00fcks\u00e9gess\u00e9g\u00e9t az \u00f6nkorm\u00e1nyzat gazdas\u00e1gi fejl\u0151d\u00e9s\u00e9nek \u00e9s a fejleszt\u00e9si beruh\u00e1z\u00e1s\u00e1sainak \u00e9s a k\u00f6zforr\u00e1sok ir\u00e1ny\u00edt\u00e1s\u00e1nak funkci\u00f3j\u00e1val j\u00f6tt l\u00e9tre. A jogszab\u00e1lyok sz\u00e1mos v\u00e1ltoz\u00e1sai az uni\u00f3s forr\u00e1sok nyitotts\u00e1ga amely \u00f3ri\u00e1si lehet\u0151s\u00e9geket ad a vid\u00e9ki t\u00e9rs\u00e9gek fejleszt\u00e9s\u00e9nek kihaszn\u00e1l\u00e1s\u00e1ra sz\u00fcks\u00e9gess\u00e9 v\u00e1lt egy \u00faj ir\u00e1ny\u00edt\u00e1si rendszer l\u00e9trehoz\u00e1sa.<br \/>\nSz\u00e1mos projekteknek \u00e9s az \u0151 gazdas\u00e1gi jellemz\u0151inek sokkal sz\u00e9lesebb gazdas\u00e1gi jelent\u0151s\u00e9g\u00fck van- nemcsak a Hercegsz\u0151ll\u00f6si J\u00e1r\u00e1s ter\u00fclet\u00e9n, hanem az eg\u00e9sz Barany\u00e1ban mint egys\u00e9gben a sz\u00e1mtalan lehet\u0151s\u00e9g van gondolkod\u00e1sunkkal szeretn\u00e9nk \u00fczenetet k\u00fcldeni a gazdas\u00e1gi szerepl\u0151knek \u00e9s az \u00f6sszes \u00e9rdekelt f\u00e9lnek, hogy a m\u0171k\u00f6djenek egy\u00fctt. K\u00fcl\u00f6n\u00f6sen kapcsol\u00f3dik a turizmus fejleszt\u00e9s\u00e9hez \u00e9s a funkcion\u00e1lis tev\u00e9kenys\u00e9gekhez amelyek a turizmushoz kapcsol\u00f3dnak amelynek sokkal sz\u00e9lesebb ter\u00fcletetre kell ir\u00e1nyulnia mint a Hercegsz\u0151ll\u00f6si J\u00e1r\u00e1s ter\u00fclete Baranya \u00e9s Horv\u00e1torsz\u00e1g gazdags\u00e1g\u00e1nak k\u00e9p\u00e9t sug\u00e1rozva.<br \/>\n<\/div>[\/vc_column][\/vc_row][vc_row][vc_column width=&#8221;1\/3&#8243;]<div class=\"c-team-member\"><div class=\"c-content-box\"><div class=\"team-member-inner\"><h3 class=\"member-name\">SPORT \u00c9S TURIZMUS<\/h3><div class=\"member-description\">\n<p><img loading=\"lazy\" class=\"size-thumbnail wp-image-5094 aligncenter\" src=\"https:\/\/knezevi-vinogradi.hr\/wp-content\/uploads\/2015\/05\/IMG_0109-150x150.jpg\" alt=\"IMG_0109\" width=\"150\" height=\"150\" \/><\/p>\n<\/div><\/div><\/div><\/div>[\/vc_column][vc_column width=&#8221;1\/3&#8243;]<div class=\"c-team-member\"><div class=\"c-content-box\"><div class=\"team-member-inner\"><h3 class=\"member-name\">K\u00d6ZM\u0170VEK<\/h3><div class=\"member-description\">\n<p><img loading=\"lazy\" class=\"size-thumbnail wp-image-5518\" src=\"https:\/\/knezevi-vinogradi.hr\/wp-content\/uploads\/2015\/05\/VKP-150x150.jpg\" alt=\"OLYMPUS DIGITAL CAMERA\" width=\"150\" height=\"150\" \/><\/p>\n<\/div><\/div><\/div><\/div>[\/vc_column][vc_column width=&#8221;1\/3&#8243;]<div class=\"c-team-member\"><div class=\"c-content-box\"><div class=\"team-member-inner\"><h3 class=\"member-name\">TEMET\u0150I IGAZGAT\u00d3S\u00c1G<\/h3><div class=\"member-description\">\n<p><img loading=\"lazy\" class=\"aligncenter size-thumbnail wp-image-5332\" src=\"https:\/\/knezevi-vinogradi.hr\/wp-content\/uploads\/2015\/05\/Kamenac-Katoli--ko-4-150x150.jpg\" alt=\"Kamenac - Katoli\u010dko (4)\" width=\"150\" height=\"150\" \/><\/p>\n<\/div><\/div><\/div><\/div>[\/vc_column][\/vc_row][vc_row][vc_column]<div class=\"c-content-box m-forced\"><strong>Kne\u017eevi parkovi d.o.o.<\/strong><br \/>\nGlavna 82<br \/>\n31309 Kne\u017eevi Vinogradi<br \/>\nOIB:\u00a049223848546<\/p>\n<p>Tel: 031\/730-041<br \/>\nE-mail: <a href=\"mailto:knezevi.parkovi@gmail.com\" target=\"_blank\">knezevi.parkovi@gmail.com<\/a><br \/>\nDirektor: Jasna Petrovi\u0107, 098 959 8845<\/div>[\/vc_column][\/vc_row]<\/p>\n","protected":false},"excerpt":{"rendered":"<p>[vc_row][vc_column][\/vc_column][\/vc_row][vc_row][vc_column width=&#8221;1\/3&#8243;][\/vc_column][vc_column width=&#8221;1\/3&#8243;][\/vc_column][vc_column width=&#8221;1\/3&#8243;][\/vc_column][\/vc_row][vc_row][vc_column][\/vc_column][\/vc_row]<\/p>\n","protected":false},"author":4,"featured_media":0,"parent":4926,"menu_order":0,"comment_status":"closed","ping_status":"closed","template":"","meta":[],"_links":{"self":[{"href":"https:\/\/knezevi-vinogradi.hr\/hu\/wp-json\/wp\/v2\/pages\/4928\/"}],"collection":[{"href":"https:\/\/knezevi-vinogradi.hr\/hu\/wp-json\/wp\/v2\/pages\/"}],"about":[{"href":"https:\/\/knezevi-vinogradi.hr\/hu\/wp-json\/wp\/v2\/types\/page\/"}],"author":[{"embeddable":true,"href":"https:\/\/knezevi-vinogradi.hr\/hu\/wp-json\/wp\/v2\/users\/4\/"}],"replies":[{"embeddable":true,"href":"https:\/\/knezevi-vinogradi.hr\/hu\/wp-json\/wp\/v2\/comments\/?post=4928"}],"version-history":[{"count":5,"href":"https:\/\/knezevi-vinogradi.hr\/hu\/wp-json\/wp\/v2\/pages\/4928\/revisions\/"}],"predecessor-version":[{"id":10062,"href":"https:\/\/knezevi-vinogradi.hr\/hu\/wp-json\/wp\/v2\/pages\/4928\/revisions\/10062\/"}],"up":[{"embeddable":true,"href":"https:\/\/knezevi-vinogradi.hr\/hu\/wp-json\/wp\/v2\/pages\/4926\/"}],"wp:attachment":[{"href":"https:\/\/knezevi-vinogradi.hr\/hu\/wp-json\/wp\/v2\/media\/?parent=4928"}],"curies":[{"name":"wp","href":"https:\/\/api.w.org\/{rel}","templated":true}]}}