{"id":5405,"date":"2015-09-29T22:52:33","date_gmt":"2015-09-29T21:52:33","guid":{"rendered":"https:\/\/knezevi-vinogradi.hr\/?page_id=5405"},"modified":"2016-01-04T13:59:19","modified_gmt":"2016-01-04T12:59:19","slug":"rendezvenyek","status":"publish","type":"page","link":"https:\/\/knezevi-vinogradi.hr\/hu\/rendezvenyek\/","title":{"rendered":"Rendezv\u00e9nyek"},"content":{"rendered":"<form autocomplete=\"off\" name=\"wpv-filter-4436-40cd750bba9870f18aada2478b24840a\" action=\"https:\/\/knezevi-vinogradi.hr\/hu\/rendezvenyek\/\" method=\"get\" class=\"wpv-filter-form js-wpv-filter-form js-wpv-filter-form-4436-40cd750bba9870f18aada2478b24840a js-wpv-form-full\" data-viewnumber=\"4436-40cd750bba9870f18aada2478b24840a\" data-viewid=\"4436\"><input type=\"hidden\" class=\"js-wpv-dps-filter-data js-wpv-filter-data-for-this-form\" data-action=\"https:\/\/knezevi-vinogradi.hr\/hu\/rendezvenyek\/\" data-page=\"1\" data-ajax=\"disable\" data-effect=\"fade\" data-maxpages=\"1\" data-ajaxprebefore=\"\" data-ajaxbefore=\"\" data-ajaxafter=\"\" \/><input id=\"wpv_paged_max-4436-40cd750bba9870f18aada2478b24840a\" type=\"hidden\" name=\"wpv_paged_max\" value=\"1\" \/><input id=\"wpv_paged_preload_reach-4436-40cd750bba9870f18aada2478b24840a\" type=\"hidden\" name=\"wpv_paged_preload_reach\" value=\"1\" \/><input id=\"wpv_widget_view-4436-40cd750bba9870f18aada2478b24840a\" type=\"hidden\" name=\"wpv_widget_view_id\" value=\"0\" \/><input id=\"wpv_view_count-4436-40cd750bba9870f18aada2478b24840a\" type=\"hidden\" name=\"wpv_view_count\" value=\"4436-40cd750bba9870f18aada2478b24840a\" \/><input id=\"wpv_view_hash-4436-40cd750bba9870f18aada2478b24840a\" type=\"hidden\" name=\"wpv_view_hash\" value=\"eyJuYW1lIjoiTWFuaWZlc3RhY2lqZSJ9\" \/><input id=\"wpv_post_id-4436-40cd750bba9870f18aada2478b24840a\" type=\"hidden\" name=\"wpv_post_id\" value=\"5405\" class=\"js-wpv-keep-on-clear\" \/>\n\n\n\u00a0\u00a0\u00a0\n\n\n\n<\/form>\n\n\t\n\t<!-- wpv-loop-start -->\n   <table width=\"100%\">\n      \n         \n          <tr>\n            <td class=\"agregacija\">\n              <a href=\"https:\/\/knezevi-vinogradi.hr\/turisticki-subjekt\/akademija-blata\/\">Akademija blata<\/a><br\/>\n              \n                  <a href=\"https:\/\/knezevi-vinogradi.hr\/turisticki-subjekt\/akademija-blata\/\">\n                   <img width=\"150\" height=\"150\" src=\"https:\/\/knezevi-vinogradi.hr\/wp-content\/uploads\/2018\/09\/1173643_376047412522715_2042401843_n-150x150.jpg\" class=\"attachment-thumbnail popis\" alt=\"\" loading=\"lazy\" style=\"\" title=\"\" \/>\n                  <\/a>\n              \n              \n            <\/td>\n     \n          \n         \n             <td class=\"agregacija\">\n              <a href=\"https:\/\/knezevi-vinogradi.hr\/turisticki-subjekt\/berbene-svecanosti-u-suzi\/\">Berbene sve\u010danosti u Suzi<\/a><br\/>\n              \n                  <a href=\"https:\/\/knezevi-vinogradi.hr\/turisticki-subjekt\/berbene-svecanosti-u-suzi\/\">\n                   <img width=\"150\" height=\"150\" src=\"https:\/\/knezevi-vinogradi.hr\/wp-content\/uploads\/2015\/09\/20140924-Suza-Berbene-svecanosti-i-Dani-vina-150x150.jpg\" class=\"attachment-thumbnail popis\" alt=\"\" loading=\"lazy\" style=\"\" title=\"\" \/>\n                  <\/a>\n              \n              \n            <\/td>\n\n          \n         \n             <td class=\"agregacija\">\n              <a href=\"https:\/\/knezevi-vinogradi.hr\/turisticki-subjekt\/dan-sela-i-vinski-maraton-u-zmajevcu\/\">Dan sela i Vinski maraton u Zmajevcu<\/a><br\/>\n              \n                  <a href=\"https:\/\/knezevi-vinogradi.hr\/turisticki-subjekt\/dan-sela-i-vinski-maraton-u-zmajevcu\/\">\n                   <img width=\"150\" height=\"150\" src=\"https:\/\/knezevi-vinogradi.hr\/wp-content\/uploads\/2015\/07\/Vinski-maraton-karta-160x160.jpg\" class=\"attachment-thumbnail popis\" alt=\"\" loading=\"lazy\" style=\"\" title=\"\" \/>\n                  <\/a>\n              \n              \n            <\/td>\n\n          \n         \n             <td class=\"agregacija\">\n              <a href=\"https:\/\/knezevi-vinogradi.hr\/turisticki-subjekt\/okupljanje-pustarasa-u-mirkovcu\/\">Okupljanje Pustara\u0161a u Mirkovcu<\/a><br\/>\n              \n                  <a href=\"https:\/\/knezevi-vinogradi.hr\/turisticki-subjekt\/okupljanje-pustarasa-u-mirkovcu\/\">\n                   <img width=\"150\" height=\"105\" src=\"https:\/\/knezevi-vinogradi.hr\/wp-content\/uploads\/2024\/07\/IMG_20240722_101044-1.jpg\" class=\"attachment-thumbnail popis\" alt=\"\" loading=\"lazy\" style=\"\" title=\"\" \/>\n                  <\/a>\n              \n              \n            <\/td>\n          <\/tr>\n         \n         \n         \n          <tr>\n            <td class=\"agregacija\">\n              <a href=\"https:\/\/knezevi-vinogradi.hr\/turisticki-subjekt\/proljetni-vasar-u-karancu\/\">Proljetni va\u0161ar u Karancu<\/a><br\/>\n              \n                  <a href=\"https:\/\/knezevi-vinogradi.hr\/turisticki-subjekt\/proljetni-vasar-u-karancu\/\">\n                   <img width=\"150\" height=\"150\" src=\"https:\/\/knezevi-vinogradi.hr\/wp-content\/uploads\/2015\/09\/11060026_894293493971572_3366206163361767093_n-150x150.jpg\" class=\"attachment-thumbnail popis\" alt=\"\" loading=\"lazy\" style=\"\" title=\"\" \/>\n                  <\/a>\n              \n              \n            <\/td>\n     \n          \n         \n             <td class=\"agregacija\">\n              <a href=\"https:\/\/knezevi-vinogradi.hr\/turisticki-subjekt\/vinatlon\/\">Vinatlon<\/a><br\/>\n              \n                  <a href=\"https:\/\/knezevi-vinogradi.hr\/turisticki-subjekt\/vinatlon\/\">\n                   <img width=\"64\" height=\"66\" src=\"https:\/\/knezevi-vinogradi.hr\/wp-content\/uploads\/2023\/03\/Slika1.png\" class=\"attachment-thumbnail popis\" alt=\"\" loading=\"lazy\" style=\"\" title=\"\" \/>\n                  <\/a>\n              \n              \n            <\/td>\n\n          \n         \n             <td class=\"agregacija\">\n              <a href=\"https:\/\/knezevi-vinogradi.hr\/turisticki-subjekt\/zimski-vasar-i-cvarakfest-u-karancu\/\">Zimski va\u0161ar i \u010cvarakFest u Karancu<\/a><br\/>\n              \n                  <a href=\"https:\/\/knezevi-vinogradi.hr\/turisticki-subjekt\/zimski-vasar-i-cvarakfest-u-karancu\/\">\n                   <img width=\"150\" height=\"96\" src=\"https:\/\/knezevi-vinogradi.hr\/wp-content\/uploads\/2015\/09\/b_500_600_0_0_stories_Karanac_cvarakfest2010-150x96.jpg\" class=\"attachment-thumbnail popis\" alt=\"\" loading=\"lazy\" style=\"\" title=\"\" \/>\n                  <\/a>\n              \n              \n            <\/td>\n\n          \n            <td><\/td>\n        <\/tr> \n      \n   <\/table>\n\t<!-- wpv-loop-end -->\n\t\n\t\n\n\n<form autocomplete=\"off\" name=\"wpv-filter-4436-40cd750bba9870f18aada2478b24840a\" action=\"https:\/\/knezevi-vinogradi.hr\/hu\/rendezvenyek\/\" method=\"get\" class=\"wpv-filter-form js-wpv-filter-form js-wpv-filter-form-4436-40cd750bba9870f18aada2478b24840a js-wpv-form-full\" data-viewnumber=\"4436-40cd750bba9870f18aada2478b24840a\" data-viewid=\"4436\"><input type=\"hidden\" class=\"js-wpv-dps-filter-data js-wpv-filter-data-for-this-form\" data-action=\"https:\/\/knezevi-vinogradi.hr\/hu\/rendezvenyek\/\" data-page=\"1\" data-ajax=\"disable\" data-effect=\"fade\" data-maxpages=\"1\" data-ajaxprebefore=\"\" data-ajaxbefore=\"\" data-ajaxafter=\"\" \/><input id=\"wpv_paged_max-4436-40cd750bba9870f18aada2478b24840a\" type=\"hidden\" name=\"wpv_paged_max\" value=\"1\" \/><input id=\"wpv_paged_preload_reach-4436-40cd750bba9870f18aada2478b24840a\" type=\"hidden\" name=\"wpv_paged_preload_reach\" value=\"1\" \/><input id=\"wpv_widget_view-4436-40cd750bba9870f18aada2478b24840a\" type=\"hidden\" name=\"wpv_widget_view_id\" value=\"0\" \/><input id=\"wpv_view_count-4436-40cd750bba9870f18aada2478b24840a\" type=\"hidden\" name=\"wpv_view_count\" value=\"4436-40cd750bba9870f18aada2478b24840a\" \/><input id=\"wpv_view_hash-4436-40cd750bba9870f18aada2478b24840a\" type=\"hidden\" name=\"wpv_view_hash\" value=\"eyJuYW1lIjoiTWFuaWZlc3RhY2lqZSJ9\" \/><input id=\"wpv_post_id-4436-40cd750bba9870f18aada2478b24840a\" type=\"hidden\" name=\"wpv_post_id\" value=\"5405\" class=\"js-wpv-keep-on-clear\" \/>\n\n\n\u00a0\u00a0\u00a0\n\n\n\n<\/form>\n","protected":false},"excerpt":{"rendered":"\u00a0\u00a0\u00a0 Akademija blata Berbene sve\u010danosti u Suzi Dan sela i Vinski maraton u Zmajevcu Okupljanje Pustara\u0161a u Mirkovcu Proljetni va\u0161ar u Karancu Vinatlon Zimski va\u0161ar i \u010cvarakFest u Karancu \u00a0\u00a0\u00a0","protected":false},"author":2,"featured_media":0,"parent":0,"menu_order":0,"comment_status":"closed","ping_status":"closed","template":"","meta":[],"_links":{"self":[{"href":"https:\/\/knezevi-vinogradi.hr\/hu\/wp-json\/wp\/v2\/pages\/5405\/"}],"collection":[{"href":"https:\/\/knezevi-vinogradi.hr\/hu\/wp-json\/wp\/v2\/pages\/"}],"about":[{"href":"https:\/\/knezevi-vinogradi.hr\/hu\/wp-json\/wp\/v2\/types\/page\/"}],"author":[{"embeddable":true,"href":"https:\/\/knezevi-vinogradi.hr\/hu\/wp-json\/wp\/v2\/users\/2\/"}],"replies":[{"embeddable":true,"href":"https:\/\/knezevi-vinogradi.hr\/hu\/wp-json\/wp\/v2\/comments\/?post=5405"}],"version-history":[{"count":2,"href":"https:\/\/knezevi-vinogradi.hr\/hu\/wp-json\/wp\/v2\/pages\/5405\/revisions\/"}],"predecessor-version":[{"id":6641,"href":"https:\/\/knezevi-vinogradi.hr\/hu\/wp-json\/wp\/v2\/pages\/5405\/revisions\/6641\/"}],"wp:attachment":[{"href":"https:\/\/knezevi-vinogradi.hr\/hu\/wp-json\/wp\/v2\/media\/?parent=5405"}],"curies":[{"name":"wp","href":"https:\/\/api.w.org\/{rel}","templated":true}]}}