{"id":5492,"date":"2016-09-14T06:16:22","date_gmt":"2016-09-14T04:16:22","guid":{"rendered":"https:\/\/knezevi-vinogradi.hr\/?page_id=5492"},"modified":"2025-07-11T10:13:24","modified_gmt":"2025-07-11T08:13:24","slug":"mas-boraszok","status":"publish","type":"page","link":"https:\/\/knezevi-vinogradi.hr\/hu\/turizmus\/mas-boraszok\/","title":{"rendered":"M\u00e1s bor\u00e1szok"},"content":{"rendered":"<p>HU &#8211; Ni\u0161ta manje kvalitetno proizvode se vina i na brojnim malim obiteljskim gospodarstvima vinara, koji na svojim obiteljskim gospodarstvima tradicionalno s koljena na koljeno proizvode kvalitetna vina, a koja imaju ponuditi svakom gostu:<\/p>\n<ol>\n<li><strong>OPG Andra\u0161 Pinek<\/strong>, Zmajevac, Dunavska 1. tel. 031\/734-167: Frankovka, Pinot-bijeli;<\/li>\n<li><strong>OPG Atila An\u0111al<\/strong>, Zmajevac, Ki\u0161 Rajna 8. tel. 098\/9317231: Gra\u0161evina, Chardonnay, Sauvignon, Frankovka;<\/li>\n<li><strong>Mihalj Ger\u0161tmajer st.<\/strong>, Zmajevac,M.Tita 152., tel. 031\/734-146: Gra\u0161evina, Pinot bijeli, Cabernet Sauvignon, Frankovka, Pinot sivi;<\/li>\n<li><strong>Jo\u017eef Kromer<\/strong>, Zmajevac, Reformatski surduk, tel. 091\/6348742: Frankovka, Crni Pinot, Cabernet Sauvignon;<\/li>\n<li><strong>I\u0161tvan Majori\u0107<\/strong>, Zmajevac, Ru\u017eina 1., tel. 098\/772530: Gra\u0161evina, Frankovka, Crni Pinot, Sauvignon;<\/li>\n<li><strong>OPG Diana Jankovi\u0107 &#8211; \u010coko<\/strong>, Suza, M.Tita 50 i 93, tel:091\/2688000, Gra\u0161evina, Rajnski rizling, Sivi Pinot, Sauvignon, Merlot, Chardonnay, Cabernet Sauvignon, Traminac;<\/li>\n<li><strong>Vino suza d.o.o.<\/strong>, Suza, M.Tita 147. tel.091\/9018619: Bijeli Pinot, Rajnski Rizling, Sivi Pinot, Traminac mirisavi, Crni Pinot, Sauvignon Blanc, Frankovka, Cabernet Sauvignon;<\/li>\n<li><strong>Obiteljsko gospodarstvo Rickert<\/strong>, Kne\u017eevi Vinogradi, 1.Maja 18. tel.031\/730-560: Chardonnay, Traminac, Gra\u0161evina, Cni Pinot;<\/li>\n<li><strong>Karolj Horvat<\/strong>, Karanac, Kolodvorska 158., tel:098\/301776: Gra\u0161evina, Pinot Crni;<\/li>\n<li><strong>Poljoprivredni obrt Kresko &#8211; Tivadar Kres<\/strong>, Kotlina, \u0160.Petefija 14.: tel.098\/9130369: Zeleni Silvaner, Frankovka, Cabernet Sauvignon, Bijeli Pinot, Gra\u0161evina;<\/li>\n<li><strong>Endre Sabo<\/strong>, Kotlina, D.\u0110er\u0111a 31\/a., tel.091\/3206992, endrekotlina@gmail.com<\/li>\n<li><strong>Vinski podrum \u0160pigl<\/strong>, Kamenac, Vinska cesta &#8220;Bud\u017eak&#8221;, tel. 091\/5605414: Cabernet Franc, Gra\u0161evina, Sauvignon Blanc, Chardonnay, Sivi Pinot;<\/li>\n<li><strong>Gu\u0161tin Slavko<\/strong>, Zmajevac, tel. 091\/7645375: Pinot bijeli, Chardonnay, Gra\u0161evina,Cabernet Sauvignon, Desertno vino od orasa;<\/li>\n<li><strong>OPG \u0110erfi<\/strong>, Zmajevac, Reformatski surduk, tel.098\/9195616: Gra\u0161evina;<\/li>\n<li><strong>Demeter Dalibor<\/strong>, Kotlina, D.\u0110er\u0111a 6. tel.098\/9658636: Gra\u0161evina, Frankovka;<\/li>\n<li><strong>OPG Podrumi Kova\u010d<\/strong>, Zmajevac, Reformatski surduk, tel. 091\/4344488: Gra\u0161evina, Rajnski rizling.<\/li>\n<\/ol>\n","protected":false},"excerpt":{"rendered":"<p>HU &#8211; Ni\u0161ta manje kvalitetno proizvode se vina i na brojnim malim obiteljskim gospodarstvima vinara, koji na svojim obiteljskim gospodarstvima tradicionalno s koljena na koljeno proizvode kvalitetna vina, a koja imaju ponuditi svakom gostu: OPG Andra\u0161 Pinek, Zmajevac, Dunavska 1. tel. 031\/734-167: Frankovka, Pinot-bijeli; OPG Atila An\u0111al, Zmajevac, Ki\u0161 Rajna 8. tel. 098\/9317231: Gra\u0161evina, Chardonnay, [&hellip;]<\/p>\n","protected":false},"author":4,"featured_media":0,"parent":4731,"menu_order":0,"comment_status":"closed","ping_status":"closed","template":"","meta":[],"_links":{"self":[{"href":"https:\/\/knezevi-vinogradi.hr\/hu\/wp-json\/wp\/v2\/pages\/5492\/"}],"collection":[{"href":"https:\/\/knezevi-vinogradi.hr\/hu\/wp-json\/wp\/v2\/pages\/"}],"about":[{"href":"https:\/\/knezevi-vinogradi.hr\/hu\/wp-json\/wp\/v2\/types\/page\/"}],"author":[{"embeddable":true,"href":"https:\/\/knezevi-vinogradi.hr\/hu\/wp-json\/wp\/v2\/users\/4\/"}],"replies":[{"embeddable":true,"href":"https:\/\/knezevi-vinogradi.hr\/hu\/wp-json\/wp\/v2\/comments\/?post=5492"}],"version-history":[{"count":5,"href":"https:\/\/knezevi-vinogradi.hr\/hu\/wp-json\/wp\/v2\/pages\/5492\/revisions\/"}],"predecessor-version":[{"id":64300,"href":"https:\/\/knezevi-vinogradi.hr\/hu\/wp-json\/wp\/v2\/pages\/5492\/revisions\/64300\/"}],"up":[{"embeddable":true,"href":"https:\/\/knezevi-vinogradi.hr\/hu\/wp-json\/wp\/v2\/pages\/4731\/"}],"wp:attachment":[{"href":"https:\/\/knezevi-vinogradi.hr\/hu\/wp-json\/wp\/v2\/media\/?parent=5492"}],"curies":[{"name":"wp","href":"https:\/\/api.w.org\/{rel}","templated":true}]}}