{"id":6637,"date":"2015-09-29T23:54:54","date_gmt":"2015-09-29T22:54:54","guid":{"rendered":"https:\/\/knezevi-vinogradi.hr\/?page_id=6637"},"modified":"2016-01-04T13:27:46","modified_gmt":"2016-01-04T12:27:46","slug":"kultura","status":"publish","type":"page","link":"https:\/\/knezevi-vinogradi.hr\/hu\/kultura\/","title":{"rendered":"Kult\u00fara"},"content":{"rendered":"<form autocomplete=\"off\" name=\"wpv-filter-4458-40cd750bba9870f18aada2478b24840a\" action=\"https:\/\/knezevi-vinogradi.hr\/hu\/kultura\/\" method=\"get\" class=\"wpv-filter-form js-wpv-filter-form js-wpv-filter-form-4458-40cd750bba9870f18aada2478b24840a js-wpv-form-full\" data-viewnumber=\"4458-40cd750bba9870f18aada2478b24840a\" data-viewid=\"4458\"><input type=\"hidden\" class=\"js-wpv-dps-filter-data js-wpv-filter-data-for-this-form\" data-action=\"https:\/\/knezevi-vinogradi.hr\/hu\/kultura\/\" data-page=\"1\" data-ajax=\"disable\" data-effect=\"fade\" data-maxpages=\"1\" data-ajaxprebefore=\"\" data-ajaxbefore=\"\" data-ajaxafter=\"\" \/><input id=\"wpv_paged_max-4458-40cd750bba9870f18aada2478b24840a\" type=\"hidden\" name=\"wpv_paged_max\" value=\"1\" \/><input id=\"wpv_paged_preload_reach-4458-40cd750bba9870f18aada2478b24840a\" type=\"hidden\" name=\"wpv_paged_preload_reach\" value=\"1\" \/><input id=\"wpv_widget_view-4458-40cd750bba9870f18aada2478b24840a\" type=\"hidden\" name=\"wpv_widget_view_id\" value=\"0\" \/><input id=\"wpv_view_count-4458-40cd750bba9870f18aada2478b24840a\" type=\"hidden\" name=\"wpv_view_count\" value=\"4458-40cd750bba9870f18aada2478b24840a\" \/><input id=\"wpv_view_hash-4458-40cd750bba9870f18aada2478b24840a\" type=\"hidden\" name=\"wpv_view_hash\" value=\"eyJuYW1lIjoiS3VsdHVyYSJ9\" \/><input id=\"wpv_post_id-4458-40cd750bba9870f18aada2478b24840a\" type=\"hidden\" name=\"wpv_post_id\" value=\"6637\" class=\"js-wpv-keep-on-clear\" \/>\n\n\n\u00a0\u00a0\u00a0\n\n\n\n<\/form>\n\n\t\n\t<!-- wpv-loop-start -->\n   <table width=\"100%\">\n      \n         \n          <tr>\n            <td class=\"agregacija\">\n              <a href=\"https:\/\/knezevi-vinogradi.hr\/udruga\/kud-csardas\/\">KUD \u02ddCs\u00e1rd\u00e1s\u02dd<\/a><br\/>\n              \n                  <a href=\"https:\/\/knezevi-vinogradi.hr\/udruga\/kud-csardas\/\">\n                   <img width=\"150\" height=\"150\" src=\"https:\/\/knezevi-vinogradi.hr\/wp-content\/uploads\/2015\/01\/1599393_727861013955938_3638058356208563674_o-150x150.jpg\" class=\"attachment-thumbnail popis\" alt=\"\" loading=\"lazy\" style=\"\" title=\"\" \/>\n                  <\/a>\n              \n              \n            <\/td>\n     \n          \n         \n             <td class=\"agregacija\">\n              <a href=\"https:\/\/knezevi-vinogradi.hr\/udruga\/kud-jokai-mor\/\">KUD \u02ddJ\u00f3kai M\u00f3r\u02dd<\/a><br\/>\n              \n                  <a href=\"https:\/\/knezevi-vinogradi.hr\/udruga\/kud-jokai-mor\/\">\n                   <img width=\"150\" height=\"150\" src=\"https:\/\/knezevi-vinogradi.hr\/wp-content\/uploads\/2015\/01\/DSC_1708-150x150.jpg\" class=\"attachment-thumbnail popis\" alt=\"\" loading=\"lazy\" style=\"\" title=\"\" \/>\n                  <\/a>\n              \n              \n            <\/td>\n\n          \n         \n             <td class=\"agregacija\">\n              <a href=\"https:\/\/knezevi-vinogradi.hr\/udruga\/kud-jozsef-attila\/\">KUD \u02ddJ\u00f3zsef Attila\u02dd<\/a><br\/>\n              \n                  <a href=\"https:\/\/knezevi-vinogradi.hr\/udruga\/kud-jozsef-attila\/\">\n                   <img width=\"150\" height=\"150\" src=\"https:\/\/knezevi-vinogradi.hr\/wp-content\/uploads\/2015\/01\/Bez-naslova-150x150.png\" class=\"attachment-thumbnail popis\" alt=\"\" loading=\"lazy\" style=\"\" title=\"\" \/>\n                  <\/a>\n              \n              \n            <\/td>\n\n          \n         \n             <td class=\"agregacija\">\n              <a href=\"https:\/\/knezevi-vinogradi.hr\/udruga\/kud-%cb%9dzivojin-zika-mandic%cb%9d\/\">KUD \u02dd\u017divojin \u017dika Mandi\u0107\u02dd<\/a><br\/>\n              \n                  <a href=\"https:\/\/knezevi-vinogradi.hr\/udruga\/kud-%cb%9dzivojin-zika-mandic%cb%9d\/\">\n                   <img width=\"150\" height=\"150\" src=\"https:\/\/knezevi-vinogradi.hr\/wp-content\/uploads\/2015\/01\/971543_471766049565495_1095090985_n-150x150.jpg\" class=\"attachment-thumbnail popis\" alt=\"\" loading=\"lazy\" style=\"\" title=\"\" \/>\n                  <\/a>\n              \n              \n            <\/td>\n          <\/tr>\n         \n         \n         \n          <tr>\n            <td class=\"agregacija\">\n              <a href=\"https:\/\/knezevi-vinogradi.hr\/udruga\/madarsko-kulturno-drustvo-tanc\/\">Ma\u0111arsko kulturno dru\u0161tvo \u02ddT\u00e1nc\u02dd<\/a><br\/>\n              \n                  <a href=\"https:\/\/knezevi-vinogradi.hr\/udruga\/madarsko-kulturno-drustvo-tanc\/\">\n                   <img width=\"150\" height=\"150\" src=\"https:\/\/knezevi-vinogradi.hr\/wp-content\/uploads\/2015\/01\/Tanc-150x150.png\" class=\"attachment-thumbnail popis\" alt=\"\" loading=\"lazy\" style=\"\" title=\"\" \/>\n                  <\/a>\n              \n              \n            <\/td>\n     \n          \n         \n             <td class=\"agregacija\">\n              <a href=\"https:\/\/knezevi-vinogradi.hr\/udruga\/srpsko-kulturno-drustvo-%cb%9dprosvjeta%cb%9d\/\">Srpsko kulturno dru\u0161tvo \u02ddProsvjeta\u02dd<\/a><br\/>\n              \n                  <a href=\"https:\/\/knezevi-vinogradi.hr\/udruga\/srpsko-kulturno-drustvo-%cb%9dprosvjeta%cb%9d\/\">\n                   <img width=\"150\" height=\"150\" src=\"https:\/\/knezevi-vinogradi.hr\/wp-content\/uploads\/2015\/01\/SKD-150x150.jpg\" class=\"attachment-thumbnail popis\" alt=\"\" loading=\"lazy\" style=\"\" title=\"\" \/>\n                  <\/a>\n              \n              \n            <\/td>\n\n          \n         \n             <td class=\"agregacija\">\n              <a href=\"https:\/\/knezevi-vinogradi.hr\/udruga\/udruga-fantast\/\">Udruga Fantast<\/a><br\/>\n              \n                  <a href=\"https:\/\/knezevi-vinogradi.hr\/udruga\/udruga-fantast\/\">\n                   <img alt=\"\"  class=\"attachment-thumbnail popis\" src=\"https:\/\/knezevi-vinogradi.hr\/wp-content\/uploads\/2022\/01\/219644221_109321078104812_5592605786002193621_n-e1641145266521.png\" \/>\n                  <\/a>\n              \n              \n            <\/td>\n\n          \n         \n             <td class=\"agregacija\">\n              <a href=\"https:\/\/knezevi-vinogradi.hr\/udruga\/udruga-pustarasi\/\">Udruga Pustara\u0161i<\/a><br\/>\n              \n                  <a href=\"https:\/\/knezevi-vinogradi.hr\/udruga\/udruga-pustarasi\/\">\n                   <img width=\"150\" height=\"105\" src=\"https:\/\/knezevi-vinogradi.hr\/wp-content\/uploads\/2024\/07\/IMG_20240722_101044-1.jpg\" class=\"attachment-thumbnail popis\" alt=\"\" loading=\"lazy\" style=\"\" title=\"\" \/>\n                  <\/a>\n              \n              \n            <\/td>\n          <\/tr>\n         \n         \n         \n          <tr>\n            <td class=\"agregacija\">\n              <a href=\"https:\/\/knezevi-vinogradi.hr\/udruga\/udruga-vinogradara-baranje-zmajevac\/\">Udruga vinogradara Baranje Zmajevac<\/a><br\/>\n              \n                  <a href=\"https:\/\/knezevi-vinogradi.hr\/udruga\/udruga-vinogradara-baranje-zmajevac\/\">\n                   <img width=\"150\" height=\"150\" src=\"https:\/\/knezevi-vinogradi.hr\/wp-content\/uploads\/2024\/07\/Dizajn-bez-naslova-47-150x150.png\" class=\"attachment-thumbnail popis\" alt=\"\" loading=\"lazy\" style=\"\" title=\"\" srcset=\"https:\/\/knezevi-vinogradi.hr\/wp-content\/uploads\/2024\/07\/Dizajn-bez-naslova-47-150x150.png 150w, https:\/\/knezevi-vinogradi.hr\/wp-content\/uploads\/2024\/07\/Dizajn-bez-naslova-47.png 250w\" sizes=\"(max-width: 150px) 100vw, 150px\" \/>\n                  <\/a>\n              \n              \n            <\/td>\n     \n          \n            <td><\/td> \n         \n            <td><\/td> \n         \n            <td><\/td>\n        <\/tr> \n      \n   <\/table>\n\t<!-- wpv-loop-end -->\n\t\n\t\n\n\n<form autocomplete=\"off\" name=\"wpv-filter-4458-40cd750bba9870f18aada2478b24840a\" action=\"https:\/\/knezevi-vinogradi.hr\/hu\/kultura\/\" method=\"get\" class=\"wpv-filter-form js-wpv-filter-form js-wpv-filter-form-4458-40cd750bba9870f18aada2478b24840a js-wpv-form-full\" data-viewnumber=\"4458-40cd750bba9870f18aada2478b24840a\" data-viewid=\"4458\"><input type=\"hidden\" class=\"js-wpv-dps-filter-data js-wpv-filter-data-for-this-form\" data-action=\"https:\/\/knezevi-vinogradi.hr\/hu\/kultura\/\" data-page=\"1\" data-ajax=\"disable\" data-effect=\"fade\" data-maxpages=\"1\" data-ajaxprebefore=\"\" data-ajaxbefore=\"\" data-ajaxafter=\"\" \/><input id=\"wpv_paged_max-4458-40cd750bba9870f18aada2478b24840a\" type=\"hidden\" name=\"wpv_paged_max\" value=\"1\" \/><input id=\"wpv_paged_preload_reach-4458-40cd750bba9870f18aada2478b24840a\" type=\"hidden\" name=\"wpv_paged_preload_reach\" value=\"1\" \/><input id=\"wpv_widget_view-4458-40cd750bba9870f18aada2478b24840a\" type=\"hidden\" name=\"wpv_widget_view_id\" value=\"0\" \/><input id=\"wpv_view_count-4458-40cd750bba9870f18aada2478b24840a\" type=\"hidden\" name=\"wpv_view_count\" value=\"4458-40cd750bba9870f18aada2478b24840a\" \/><input id=\"wpv_view_hash-4458-40cd750bba9870f18aada2478b24840a\" type=\"hidden\" name=\"wpv_view_hash\" value=\"eyJuYW1lIjoiS3VsdHVyYSJ9\" \/><input id=\"wpv_post_id-4458-40cd750bba9870f18aada2478b24840a\" type=\"hidden\" name=\"wpv_post_id\" value=\"6637\" class=\"js-wpv-keep-on-clear\" \/>\n\n\n\u00a0\u00a0\u00a0\n\n\n\n<\/form>\n","protected":false},"excerpt":{"rendered":"\u00a0\u00a0\u00a0 KUD \u02ddCs\u00e1rd\u00e1s\u02dd KUD \u02ddJ\u00f3kai M\u00f3r\u02dd KUD \u02ddJ\u00f3zsef Attila\u02dd KUD \u02dd\u017divojin \u017dika Mandi\u0107\u02dd Ma\u0111arsko kulturno dru\u0161tvo \u02ddT\u00e1nc\u02dd Srpsko kulturno dru\u0161tvo \u02ddProsvjeta\u02dd Udruga Fantast Udruga Pustara\u0161i Udruga vinogradara Baranje Zmajevac \u00a0\u00a0\u00a0","protected":false},"author":2,"featured_media":0,"parent":0,"menu_order":0,"comment_status":"closed","ping_status":"closed","template":"","meta":[],"_links":{"self":[{"href":"https:\/\/knezevi-vinogradi.hr\/hu\/wp-json\/wp\/v2\/pages\/6637\/"}],"collection":[{"href":"https:\/\/knezevi-vinogradi.hr\/hu\/wp-json\/wp\/v2\/pages\/"}],"about":[{"href":"https:\/\/knezevi-vinogradi.hr\/hu\/wp-json\/wp\/v2\/types\/page\/"}],"author":[{"embeddable":true,"href":"https:\/\/knezevi-vinogradi.hr\/hu\/wp-json\/wp\/v2\/users\/2\/"}],"replies":[{"embeddable":true,"href":"https:\/\/knezevi-vinogradi.hr\/hu\/wp-json\/wp\/v2\/comments\/?post=6637"}],"version-history":[{"count":1,"href":"https:\/\/knezevi-vinogradi.hr\/hu\/wp-json\/wp\/v2\/pages\/6637\/revisions\/"}],"predecessor-version":[{"id":6638,"href":"https:\/\/knezevi-vinogradi.hr\/hu\/wp-json\/wp\/v2\/pages\/6637\/revisions\/6638\/"}],"wp:attachment":[{"href":"https:\/\/knezevi-vinogradi.hr\/hu\/wp-json\/wp\/v2\/media\/?parent=6637"}],"curies":[{"name":"wp","href":"https:\/\/api.w.org\/{rel}","templated":true}]}}