{"id":6649,"date":"2015-09-29T22:54:19","date_gmt":"2015-09-29T21:54:19","guid":{"rendered":"https:\/\/knezevi-vinogradi.hr\/?page_id=6649"},"modified":"2016-01-04T22:11:37","modified_gmt":"2016-01-04T21:11:37","slug":"szabadido-kirandulas-es-termeszet","status":"publish","type":"page","link":"https:\/\/knezevi-vinogradi.hr\/hu\/turizmus\/szabadido-kirandulas-es-termeszet\/","title":{"rendered":"Szabadid\u0151, kir\u00e1ndul\u00e1s \u00e9s term\u00e9szet"},"content":{"rendered":"<form autocomplete=\"off\" name=\"wpv-filter-4437-40cd750bba9870f18aada2478b24840a\" action=\"https:\/\/knezevi-vinogradi.hr\/hu\/turizmus\/szabadido-kirandulas-es-termeszet\/\" method=\"get\" class=\"wpv-filter-form js-wpv-filter-form js-wpv-filter-form-4437-40cd750bba9870f18aada2478b24840a js-wpv-form-full\" data-viewnumber=\"4437-40cd750bba9870f18aada2478b24840a\" data-viewid=\"4437\"><input type=\"hidden\" class=\"js-wpv-dps-filter-data js-wpv-filter-data-for-this-form\" data-action=\"https:\/\/knezevi-vinogradi.hr\/hu\/turizmus\/szabadido-kirandulas-es-termeszet\/\" data-page=\"1\" data-ajax=\"disable\" data-effect=\"fade\" data-maxpages=\"1\" data-ajaxprebefore=\"\" data-ajaxbefore=\"\" data-ajaxafter=\"\" \/><input id=\"wpv_paged_max-4437-40cd750bba9870f18aada2478b24840a\" type=\"hidden\" name=\"wpv_paged_max\" value=\"1\" \/><input id=\"wpv_paged_preload_reach-4437-40cd750bba9870f18aada2478b24840a\" type=\"hidden\" name=\"wpv_paged_preload_reach\" value=\"1\" \/><input id=\"wpv_widget_view-4437-40cd750bba9870f18aada2478b24840a\" type=\"hidden\" name=\"wpv_widget_view_id\" value=\"0\" \/><input id=\"wpv_view_count-4437-40cd750bba9870f18aada2478b24840a\" type=\"hidden\" name=\"wpv_view_count\" value=\"4437-40cd750bba9870f18aada2478b24840a\" \/><input id=\"wpv_view_hash-4437-40cd750bba9870f18aada2478b24840a\" type=\"hidden\" name=\"wpv_view_hash\" value=\"eyJuYW1lIjoiUmVrcmVhY2lqYSwgaXpsZXRpIGkgcHJpcm9kYSJ9\" \/><input id=\"wpv_post_id-4437-40cd750bba9870f18aada2478b24840a\" type=\"hidden\" name=\"wpv_post_id\" value=\"6649\" class=\"js-wpv-keep-on-clear\" \/>\n\n\n\u00a0\u00a0\u00a0\n\n\n\n<\/form>\n\n\t\n\t<!-- wpv-loop-start -->\n   <table width=\"100%\">\n      \n         \n          <tr>\n            <td class=\"agregacija\">\n              <a href=\"https:\/\/knezevi-vinogradi.hr\/turisticki-subjekt\/paintball-airsoft-raptor\/\">Adventure zone  &#8211; Paintball &#038; Airsoft Raptor<\/a><br\/>\n              \n                  <a href=\"https:\/\/knezevi-vinogradi.hr\/turisticki-subjekt\/paintball-airsoft-raptor\/\">\n                   <img width=\"150\" height=\"150\" src=\"https:\/\/knezevi-vinogradi.hr\/wp-content\/uploads\/2015\/09\/paint-150x150.jpg\" class=\"attachment-thumbnail popis\" alt=\"\" loading=\"lazy\" style=\"\" title=\"\" \/>\n                  <\/a>\n              \n              \n            <\/td>\n     \n          \n         \n             <td class=\"agregacija\">\n              <a href=\"https:\/\/knezevi-vinogradi.hr\/turisticki-subjekt\/etno-selo-karanac\/\">Etno selo Karanac<\/a><br\/>\n              \n                  <a href=\"https:\/\/knezevi-vinogradi.hr\/turisticki-subjekt\/etno-selo-karanac\/\">\n                   <img width=\"150\" height=\"150\" src=\"https:\/\/knezevi-vinogradi.hr\/wp-content\/uploads\/2015\/09\/esk-150x150.jpg\" class=\"attachment-thumbnail popis\" alt=\"\" loading=\"lazy\" style=\"\" title=\"\" \/>\n                  <\/a>\n              \n              \n            <\/td>\n\n          \n         \n             <td class=\"agregacija\">\n              <a href=\"https:\/\/knezevi-vinogradi.hr\/turisticki-subjekt\/foto-safari\/\">Foto safari<\/a><br\/>\n              \n                  <a href=\"https:\/\/knezevi-vinogradi.hr\/turisticki-subjekt\/foto-safari\/\">\n                   <img width=\"150\" height=\"150\" src=\"https:\/\/knezevi-vinogradi.hr\/wp-content\/uploads\/2015\/09\/agria-lov-d-o-o-jelen-01-960x368-150x150.jpg\" class=\"attachment-thumbnail popis\" alt=\"\" loading=\"lazy\" style=\"\" title=\"\" \/>\n                  <\/a>\n              \n              \n            <\/td>\n\n          \n         \n             <td class=\"agregacija\">\n              <a href=\"https:\/\/knezevi-vinogradi.hr\/turisticki-subjekt\/greenways-zelene-staze\/\">Greenways &#8211; Zelene staze<\/a><br\/>\n              \n                  <a href=\"https:\/\/knezevi-vinogradi.hr\/turisticki-subjekt\/greenways-zelene-staze\/\">\n                   <img width=\"150\" height=\"150\" src=\"https:\/\/knezevi-vinogradi.hr\/wp-content\/uploads\/2015\/09\/logo_baranja_kesz2-150x150.jpg\" class=\"attachment-thumbnail popis\" alt=\"\" loading=\"lazy\" style=\"\" title=\"\" \/>\n                  <\/a>\n              \n              \n            <\/td>\n          <\/tr>\n         \n         \n         \n          <tr>\n            <td class=\"agregacija\">\n              <a href=\"https:\/\/knezevi-vinogradi.hr\/turisticki-subjekt\/podrumi-kolar\/\">Podrumi Kolar<\/a><br\/>\n              \n                  <a href=\"https:\/\/knezevi-vinogradi.hr\/turisticki-subjekt\/podrumi-kolar\/\">\n                   <img width=\"150\" height=\"150\" src=\"https:\/\/knezevi-vinogradi.hr\/wp-content\/uploads\/2015\/09\/Kolar-150x150.jpg\" class=\"attachment-thumbnail popis\" alt=\"\" loading=\"lazy\" style=\"\" title=\"\" srcset=\"https:\/\/knezevi-vinogradi.hr\/wp-content\/uploads\/2015\/09\/Kolar-150x150.jpg 150w, https:\/\/knezevi-vinogradi.hr\/wp-content\/uploads\/2015\/09\/Kolar.jpg 302w\" sizes=\"(max-width: 150px) 100vw, 150px\" \/>\n                  <\/a>\n              \n              \n            <\/td>\n     \n          \n         \n             <td class=\"agregacija\">\n              <a href=\"https:\/\/knezevi-vinogradi.hr\/turisticki-subjekt\/sportsko-rekreacijski-centar-knezevi-vinogradi\/\">Sportsko rekreacijski centar Kne\u017eevi Vinogradi<\/a><br\/>\n              \n                  <a href=\"https:\/\/knezevi-vinogradi.hr\/turisticki-subjekt\/sportsko-rekreacijski-centar-knezevi-vinogradi\/\">\n                   <img width=\"150\" height=\"150\" src=\"https:\/\/knezevi-vinogradi.hr\/wp-content\/uploads\/2015\/09\/20170708_142708-150x150.jpg\" class=\"attachment-thumbnail popis\" alt=\"\" loading=\"lazy\" style=\"\" title=\"\" \/>\n                  <\/a>\n              \n              \n            <\/td>\n\n          \n            <td><\/td> \n         \n            <td><\/td>\n        <\/tr> \n      \n   <\/table>\n\t<!-- wpv-loop-end -->\n\t\n\t\n\n\n<form autocomplete=\"off\" name=\"wpv-filter-4437-40cd750bba9870f18aada2478b24840a\" action=\"https:\/\/knezevi-vinogradi.hr\/hu\/turizmus\/szabadido-kirandulas-es-termeszet\/\" method=\"get\" class=\"wpv-filter-form js-wpv-filter-form js-wpv-filter-form-4437-40cd750bba9870f18aada2478b24840a js-wpv-form-full\" data-viewnumber=\"4437-40cd750bba9870f18aada2478b24840a\" data-viewid=\"4437\"><input type=\"hidden\" class=\"js-wpv-dps-filter-data js-wpv-filter-data-for-this-form\" data-action=\"https:\/\/knezevi-vinogradi.hr\/hu\/turizmus\/szabadido-kirandulas-es-termeszet\/\" data-page=\"1\" data-ajax=\"disable\" data-effect=\"fade\" data-maxpages=\"1\" data-ajaxprebefore=\"\" data-ajaxbefore=\"\" data-ajaxafter=\"\" \/><input id=\"wpv_paged_max-4437-40cd750bba9870f18aada2478b24840a\" type=\"hidden\" name=\"wpv_paged_max\" value=\"1\" \/><input id=\"wpv_paged_preload_reach-4437-40cd750bba9870f18aada2478b24840a\" type=\"hidden\" name=\"wpv_paged_preload_reach\" value=\"1\" \/><input id=\"wpv_widget_view-4437-40cd750bba9870f18aada2478b24840a\" type=\"hidden\" name=\"wpv_widget_view_id\" value=\"0\" \/><input id=\"wpv_view_count-4437-40cd750bba9870f18aada2478b24840a\" type=\"hidden\" name=\"wpv_view_count\" value=\"4437-40cd750bba9870f18aada2478b24840a\" \/><input id=\"wpv_view_hash-4437-40cd750bba9870f18aada2478b24840a\" type=\"hidden\" name=\"wpv_view_hash\" value=\"eyJuYW1lIjoiUmVrcmVhY2lqYSwgaXpsZXRpIGkgcHJpcm9kYSJ9\" \/><input id=\"wpv_post_id-4437-40cd750bba9870f18aada2478b24840a\" type=\"hidden\" name=\"wpv_post_id\" value=\"6649\" class=\"js-wpv-keep-on-clear\" \/>\n\n\n\u00a0\u00a0\u00a0\n\n\n\n<\/form>\n","protected":false},"excerpt":{"rendered":"\u00a0\u00a0\u00a0 Adventure zone &#8211; Paintball &#038; Airsoft Raptor Etno selo Karanac Foto safari Greenways &#8211; Zelene staze Podrumi Kolar Sportsko rekreacijski centar Kne\u017eevi Vinogradi \u00a0\u00a0\u00a0","protected":false},"author":2,"featured_media":0,"parent":4731,"menu_order":0,"comment_status":"closed","ping_status":"closed","template":"","meta":[],"_links":{"self":[{"href":"https:\/\/knezevi-vinogradi.hr\/hu\/wp-json\/wp\/v2\/pages\/6649\/"}],"collection":[{"href":"https:\/\/knezevi-vinogradi.hr\/hu\/wp-json\/wp\/v2\/pages\/"}],"about":[{"href":"https:\/\/knezevi-vinogradi.hr\/hu\/wp-json\/wp\/v2\/types\/page\/"}],"author":[{"embeddable":true,"href":"https:\/\/knezevi-vinogradi.hr\/hu\/wp-json\/wp\/v2\/users\/2\/"}],"replies":[{"embeddable":true,"href":"https:\/\/knezevi-vinogradi.hr\/hu\/wp-json\/wp\/v2\/comments\/?post=6649"}],"version-history":[{"count":1,"href":"https:\/\/knezevi-vinogradi.hr\/hu\/wp-json\/wp\/v2\/pages\/6649\/revisions\/"}],"predecessor-version":[{"id":6651,"href":"https:\/\/knezevi-vinogradi.hr\/hu\/wp-json\/wp\/v2\/pages\/6649\/revisions\/6651\/"}],"up":[{"embeddable":true,"href":"https:\/\/knezevi-vinogradi.hr\/hu\/wp-json\/wp\/v2\/pages\/4731\/"}],"wp:attachment":[{"href":"https:\/\/knezevi-vinogradi.hr\/hu\/wp-json\/wp\/v2\/media\/?parent=6649"}],"curies":[{"name":"wp","href":"https:\/\/api.w.org\/{rel}","templated":true}]}}