{"id":6658,"date":"2015-09-30T00:01:20","date_gmt":"2015-09-29T23:01:20","guid":{"rendered":"https:\/\/knezevi-vinogradi.hr\/?page_id=6658"},"modified":"2016-01-04T22:25:15","modified_gmt":"2016-01-04T21:25:15","slug":"mas-egyesuletek","status":"publish","type":"page","link":"https:\/\/knezevi-vinogradi.hr\/hu\/mas-egyesuletek\/","title":{"rendered":"M\u00e1s egyes\u00fcletek"},"content":{"rendered":"<form autocomplete=\"off\" name=\"wpv-filter-4470-40cd750bba9870f18aada2478b24840a\" action=\"https:\/\/knezevi-vinogradi.hr\/hu\/mas-egyesuletek\/\" method=\"get\" class=\"wpv-filter-form js-wpv-filter-form js-wpv-filter-form-4470-40cd750bba9870f18aada2478b24840a js-wpv-form-full\" data-viewnumber=\"4470-40cd750bba9870f18aada2478b24840a\" data-viewid=\"4470\"><input type=\"hidden\" class=\"js-wpv-dps-filter-data js-wpv-filter-data-for-this-form\" data-action=\"https:\/\/knezevi-vinogradi.hr\/hu\/mas-egyesuletek\/\" data-page=\"1\" data-ajax=\"disable\" data-effect=\"fade\" data-maxpages=\"1\" data-ajaxprebefore=\"\" data-ajaxbefore=\"\" data-ajaxafter=\"\" \/><input id=\"wpv_paged_max-4470-40cd750bba9870f18aada2478b24840a\" type=\"hidden\" name=\"wpv_paged_max\" value=\"1\" \/><input id=\"wpv_paged_preload_reach-4470-40cd750bba9870f18aada2478b24840a\" type=\"hidden\" name=\"wpv_paged_preload_reach\" value=\"1\" \/><input id=\"wpv_widget_view-4470-40cd750bba9870f18aada2478b24840a\" type=\"hidden\" name=\"wpv_widget_view_id\" value=\"0\" \/><input id=\"wpv_view_count-4470-40cd750bba9870f18aada2478b24840a\" type=\"hidden\" name=\"wpv_view_count\" value=\"4470-40cd750bba9870f18aada2478b24840a\" \/><input id=\"wpv_view_hash-4470-40cd750bba9870f18aada2478b24840a\" type=\"hidden\" name=\"wpv_view_hash\" value=\"eyJuYW1lIjoiT3N0YWxlIHVkcnVnZSJ9\" \/><input id=\"wpv_post_id-4470-40cd750bba9870f18aada2478b24840a\" type=\"hidden\" name=\"wpv_post_id\" value=\"6658\" class=\"js-wpv-keep-on-clear\" \/>\n\n\n\u00a0\u00a0\u00a0\n\n\n\n<\/form>\n\n\t\n\t<!-- wpv-loop-start -->\n   <table width=\"100%\">\n      \n         \n          <tr>\n            <td class=\"agregacija\">\n              <a href=\"https:\/\/knezevi-vinogradi.hr\/udruga\/lovacko-drustvo-srndac-karanac\/\">Lova\u010dko dru\u0161tvo \u02ddSrnda\u0107\u02dd Karanac<\/a><br\/>\n              \n                  <a href=\"https:\/\/knezevi-vinogradi.hr\/udruga\/lovacko-drustvo-srndac-karanac\/\">\n                   <img width=\"150\" height=\"150\" src=\"https:\/\/knezevi-vinogradi.hr\/wp-content\/uploads\/2015\/09\/hunting-clipart-try1-md-150x150.png\" class=\"attachment-thumbnail popis\" alt=\"\" loading=\"lazy\" style=\"\" title=\"\" \/>\n                  <\/a>\n              \n              \n            <\/td>\n     \n          \n         \n             <td class=\"agregacija\">\n              <a href=\"https:\/\/knezevi-vinogradi.hr\/udruga\/lovacko-drustvo-srndac-knezevi-vinogradi\/\">Lova\u010dko dru\u0161tvo \u02ddSrnda\u0107\u02dd Kne\u017eevi Vinogradi<\/a><br\/>\n              \n                  <a href=\"https:\/\/knezevi-vinogradi.hr\/udruga\/lovacko-drustvo-srndac-knezevi-vinogradi\/\">\n                   <img width=\"150\" height=\"150\" src=\"https:\/\/knezevi-vinogradi.hr\/wp-content\/uploads\/2015\/09\/Grb-LD-Srndac-2020_page-0001-1-150x150.jpg\" class=\"attachment-thumbnail popis\" alt=\"\" loading=\"lazy\" style=\"\" title=\"\" srcset=\"https:\/\/knezevi-vinogradi.hr\/wp-content\/uploads\/2015\/09\/Grb-LD-Srndac-2020_page-0001-1-150x150.jpg 150w, https:\/\/knezevi-vinogradi.hr\/wp-content\/uploads\/2015\/09\/Grb-LD-Srndac-2020_page-0001-1.jpg 200w\" sizes=\"(max-width: 150px) 100vw, 150px\" \/>\n                  <\/a>\n              \n              \n            <\/td>\n\n          \n         \n             <td class=\"agregacija\">\n              <a href=\"https:\/\/knezevi-vinogradi.hr\/udruga\/madarska-udruga-mladezi-hercegszollosi-mihaly\/\">Ma\u0111arska udruga mlade\u017ei \u02ddHercegsz\u00f6ll\u0151si Mih\u00e1ly\u02dd<\/a><br\/>\n              \n                  <a href=\"https:\/\/knezevi-vinogradi.hr\/udruga\/madarska-udruga-mladezi-hercegszollosi-mihaly\/\">\n                   <img width=\"150\" height=\"150\" src=\"https:\/\/knezevi-vinogradi.hr\/wp-content\/uploads\/2015\/01\/IMG_1342-150x150.jpg\" class=\"attachment-thumbnail popis\" alt=\"\" loading=\"lazy\" style=\"\" title=\"\" \/>\n                  <\/a>\n              \n              \n            <\/td>\n\n          \n         \n             <td class=\"agregacija\">\n              <a href=\"https:\/\/knezevi-vinogradi.hr\/udruga\/savez-poduzetnika-madara-hrvatske\/\">Savez poduzetnika Ma\u0111ara Hrvatske<\/a><br\/>\n              \n                  <a href=\"https:\/\/knezevi-vinogradi.hr\/udruga\/savez-poduzetnika-madara-hrvatske\/\">\n                   <img width=\"150\" height=\"71\" src=\"https:\/\/knezevi-vinogradi.hr\/wp-content\/uploads\/2015\/01\/savez-logo-150x71.jpg\" class=\"attachment-thumbnail popis\" alt=\"\" loading=\"lazy\" style=\"\" title=\"\" \/>\n                  <\/a>\n              \n              \n            <\/td>\n          <\/tr>\n         \n         \n         \n          <tr>\n            <td class=\"agregacija\">\n              <a href=\"https:\/\/knezevi-vinogradi.hr\/udruga\/udruga-dragovoljaca-i-veterana-domovinskog-rata\/\">Udruga dragovoljaca i veterana Domovinskog rata<\/a><br\/>\n              \n                  <a href=\"https:\/\/knezevi-vinogradi.hr\/udruga\/udruga-dragovoljaca-i-veterana-domovinskog-rata\/\">\n                   <img width=\"150\" height=\"150\" src=\"https:\/\/knezevi-vinogradi.hr\/wp-content\/uploads\/2015\/01\/Grb_UDVDR___ogranak1-150x150.jpg\" class=\"attachment-thumbnail popis\" alt=\"\" loading=\"lazy\" style=\"\" title=\"\" \/>\n                  <\/a>\n              \n              \n            <\/td>\n     \n          \n         \n             <td class=\"agregacija\">\n              <a href=\"https:\/\/knezevi-vinogradi.hr\/udruga\/udruga-fantast\/\">Udruga Fantast<\/a><br\/>\n              \n                  <a href=\"https:\/\/knezevi-vinogradi.hr\/udruga\/udruga-fantast\/\">\n                   <img alt=\"\"  class=\"attachment-thumbnail popis\" src=\"https:\/\/knezevi-vinogradi.hr\/wp-content\/uploads\/2022\/01\/219644221_109321078104812_5592605786002193621_n-e1641145266521.png\" \/>\n                  <\/a>\n              \n              \n            <\/td>\n\n          \n         \n             <td class=\"agregacija\">\n              <a href=\"https:\/\/knezevi-vinogradi.hr\/udruga\/udruga-mladezi-zamijenite-nam-tugu-osmijehom\/\">Udruga mlade\u017ei &#8220;Zamijenite nam tugu osmijehom&#8221;<\/a><br\/>\n              \n                  <a href=\"https:\/\/knezevi-vinogradi.hr\/udruga\/udruga-mladezi-zamijenite-nam-tugu-osmijehom\/\">\n                   <img width=\"150\" height=\"150\" src=\"https:\/\/knezevi-vinogradi.hr\/wp-content\/uploads\/2013\/12\/karanacmladi-160x160.jpg\" class=\"attachment-thumbnail popis\" alt=\"\" loading=\"lazy\" style=\"\" title=\"\" srcset=\"https:\/\/knezevi-vinogradi.hr\/wp-content\/uploads\/2013\/12\/karanacmladi-160x160.jpg 160w, https:\/\/knezevi-vinogradi.hr\/wp-content\/uploads\/2013\/12\/karanacmladi.jpg 200w\" sizes=\"(max-width: 150px) 100vw, 150px\" \/>\n                  <\/a>\n              \n              \n            <\/td>\n\n          \n         \n             <td class=\"agregacija\">\n              <a href=\"https:\/\/knezevi-vinogradi.hr\/udruga\/udruga-umirovljenika-opcine-knezevi-vinogradi\/\">Udruga umirovljenika Op\u0107ine Kne\u017eevi Vinogradi<\/a><br\/>\n              \n                  <a href=\"https:\/\/knezevi-vinogradi.hr\/udruga\/udruga-umirovljenika-opcine-knezevi-vinogradi\/\">\n                   <img width=\"150\" height=\"150\" src=\"https:\/\/knezevi-vinogradi.hr\/wp-content\/uploads\/2015\/01\/10177_745419472157900_190022716_n-150x150.jpg\" class=\"attachment-thumbnail popis\" alt=\"\" loading=\"lazy\" style=\"\" title=\"\" \/>\n                  <\/a>\n              \n              \n            <\/td>\n          <\/tr>\n         \n         \n         \n          <tr>\n            <td class=\"agregacija\">\n              <a href=\"https:\/\/knezevi-vinogradi.hr\/udruga\/udruga-vinogradara-baranje-zmajevac\/\">Udruga vinogradara Baranje Zmajevac<\/a><br\/>\n              \n                  <a href=\"https:\/\/knezevi-vinogradi.hr\/udruga\/udruga-vinogradara-baranje-zmajevac\/\">\n                   <img width=\"150\" height=\"150\" src=\"https:\/\/knezevi-vinogradi.hr\/wp-content\/uploads\/2024\/07\/Dizajn-bez-naslova-47-150x150.png\" class=\"attachment-thumbnail popis\" alt=\"\" loading=\"lazy\" style=\"\" title=\"\" srcset=\"https:\/\/knezevi-vinogradi.hr\/wp-content\/uploads\/2024\/07\/Dizajn-bez-naslova-47-150x150.png 150w, https:\/\/knezevi-vinogradi.hr\/wp-content\/uploads\/2024\/07\/Dizajn-bez-naslova-47.png 250w\" sizes=\"(max-width: 150px) 100vw, 150px\" \/>\n                  <\/a>\n              \n              \n            <\/td>\n     \n          \n         \n             <td class=\"agregacija\">\n              <a href=\"https:\/\/knezevi-vinogradi.hr\/udruga\/udruga-vinogradara-i-vinara-vinogorja-baranje\/\">Udruga vinogradara i vinara vinogorja Baranje<\/a><br\/>\n              \n                  <a href=\"https:\/\/knezevi-vinogradi.hr\/udruga\/udruga-vinogradara-i-vinara-vinogorja-baranje\/\">\n                   <img width=\"150\" height=\"150\" src=\"https:\/\/knezevi-vinogradi.hr\/wp-content\/uploads\/2015\/10\/Udruga-vinara-150x150.png\" class=\"attachment-thumbnail popis\" alt=\"\" loading=\"lazy\" style=\"\" title=\"\" srcset=\"https:\/\/knezevi-vinogradi.hr\/wp-content\/uploads\/2015\/10\/Udruga-vinara-150x150.png 150w, https:\/\/knezevi-vinogradi.hr\/wp-content\/uploads\/2015\/10\/Udruga-vinara.png 312w\" sizes=\"(max-width: 150px) 100vw, 150px\" \/>\n                  <\/a>\n              \n              \n            <\/td>\n\n          \n         \n             <td class=\"agregacija\">\n              <a href=\"https:\/\/knezevi-vinogradi.hr\/udruga\/udruga-za-njegovanje-obicaja-madara-surduk\/\">Udruga za njegovanje obi\u010daja Ma\u0111ara &#8211; Surduk<\/a><br\/>\n              \n                  <a href=\"https:\/\/knezevi-vinogradi.hr\/udruga\/udruga-za-njegovanje-obicaja-madara-surduk\/\">\n                   <img width=\"150\" height=\"150\" src=\"https:\/\/knezevi-vinogradi.hr\/wp-content\/uploads\/2016\/07\/13445251_273771576309085_8080307523291125163_n-150x150.jpg\" class=\"attachment-thumbnail popis\" alt=\"\" loading=\"lazy\" style=\"\" title=\"\" \/>\n                  <\/a>\n              \n              \n            <\/td>\n\n          \n         \n             <td class=\"agregacija\">\n              <a href=\"https:\/\/knezevi-vinogradi.hr\/udruga\/udruga-za-razvoj-civilnog-drustva-%cb%9dpravda-za-sve%cb%9d\/\">Udruga za razvoj civilnog dru\u0161tva \u02ddPravda za sve\u02dd<\/a><br\/>\n              \n              \n                  <a href=\"https:\/\/knezevi-vinogradi.hr\/udruga\/udruga-za-razvoj-civilnog-drustva-%cb%9dpravda-za-sve%cb%9d\/\">\n                    <img src=\"\/wp-content\/uploads\/2015\/09\/Igla_350-150x150.jpg\" class=\"popis\" \/>\n                  <\/a>\n              \n            <\/td>\n          <\/tr>\n         \n         \n         \n          <tr>\n            <td class=\"agregacija\">\n              <a href=\"https:\/\/knezevi-vinogradi.hr\/udruga\/udruga-zena-suza\/\">Udruga \u017eena Suza<\/a><br\/>\n              \n                  <a href=\"https:\/\/knezevi-vinogradi.hr\/udruga\/udruga-zena-suza\/\">\n                   <img width=\"150\" height=\"150\" src=\"https:\/\/knezevi-vinogradi.hr\/wp-content\/uploads\/2015\/01\/VELIKASLIKAIZLOZBA-3-150x150.jpg\" class=\"attachment-thumbnail popis\" alt=\"\" loading=\"lazy\" style=\"\" title=\"\" \/>\n                  <\/a>\n              \n              \n            <\/td>\n     \n          \n         \n             <td class=\"agregacija\">\n              <a href=\"https:\/\/knezevi-vinogradi.hr\/udruga\/udruga-zena-izvor\/\">Udruga \u017eena \u02ddIzvor\u02dd<\/a><br\/>\n              \n                  <a href=\"https:\/\/knezevi-vinogradi.hr\/udruga\/udruga-zena-izvor\/\">\n                   <img width=\"150\" height=\"150\" src=\"https:\/\/knezevi-vinogradi.hr\/wp-content\/uploads\/2015\/01\/Izvor-150x150.jpg\" class=\"attachment-thumbnail popis\" alt=\"\" loading=\"lazy\" style=\"\" title=\"\" srcset=\"https:\/\/knezevi-vinogradi.hr\/wp-content\/uploads\/2015\/01\/Izvor-150x150.jpg 150w, https:\/\/knezevi-vinogradi.hr\/wp-content\/uploads\/2015\/01\/Izvor.jpg 300w\" sizes=\"(max-width: 150px) 100vw, 150px\" \/>\n                  <\/a>\n              \n              \n            <\/td>\n\n          \n            <td><\/td> \n         \n            <td><\/td>\n        <\/tr> \n      \n   <\/table>\n\t<!-- wpv-loop-end -->\n\t\n\t\n\n\n<form autocomplete=\"off\" name=\"wpv-filter-4470-40cd750bba9870f18aada2478b24840a\" action=\"https:\/\/knezevi-vinogradi.hr\/hu\/mas-egyesuletek\/\" method=\"get\" class=\"wpv-filter-form js-wpv-filter-form js-wpv-filter-form-4470-40cd750bba9870f18aada2478b24840a js-wpv-form-full\" data-viewnumber=\"4470-40cd750bba9870f18aada2478b24840a\" data-viewid=\"4470\"><input type=\"hidden\" class=\"js-wpv-dps-filter-data js-wpv-filter-data-for-this-form\" data-action=\"https:\/\/knezevi-vinogradi.hr\/hu\/mas-egyesuletek\/\" data-page=\"1\" data-ajax=\"disable\" data-effect=\"fade\" data-maxpages=\"1\" data-ajaxprebefore=\"\" data-ajaxbefore=\"\" data-ajaxafter=\"\" \/><input id=\"wpv_paged_max-4470-40cd750bba9870f18aada2478b24840a\" type=\"hidden\" name=\"wpv_paged_max\" value=\"1\" \/><input id=\"wpv_paged_preload_reach-4470-40cd750bba9870f18aada2478b24840a\" type=\"hidden\" name=\"wpv_paged_preload_reach\" value=\"1\" \/><input id=\"wpv_widget_view-4470-40cd750bba9870f18aada2478b24840a\" type=\"hidden\" name=\"wpv_widget_view_id\" value=\"0\" \/><input id=\"wpv_view_count-4470-40cd750bba9870f18aada2478b24840a\" type=\"hidden\" name=\"wpv_view_count\" value=\"4470-40cd750bba9870f18aada2478b24840a\" \/><input id=\"wpv_view_hash-4470-40cd750bba9870f18aada2478b24840a\" type=\"hidden\" name=\"wpv_view_hash\" value=\"eyJuYW1lIjoiT3N0YWxlIHVkcnVnZSJ9\" \/><input id=\"wpv_post_id-4470-40cd750bba9870f18aada2478b24840a\" type=\"hidden\" name=\"wpv_post_id\" value=\"6658\" class=\"js-wpv-keep-on-clear\" \/>\n\n\n\u00a0\u00a0\u00a0\n\n\n\n<\/form>\n","protected":false},"excerpt":{"rendered":"\u00a0\u00a0\u00a0 Lova\u010dko dru\u0161tvo \u02ddSrnda\u0107\u02dd Karanac Lova\u010dko dru\u0161tvo \u02ddSrnda\u0107\u02dd Kne\u017eevi Vinogradi Ma\u0111arska udruga mlade\u017ei \u02ddHercegsz\u00f6ll\u0151si Mih\u00e1ly\u02dd Savez poduzetnika Ma\u0111ara Hrvatske Udruga dragovoljaca i veterana Domovinskog rata Udruga Fantast Udruga mlade\u017ei &#8220;Zamijenite nam tugu osmijehom&#8221; Udruga umirovljenika Op\u0107ine Kne\u017eevi Vinogradi Udruga vinogradara Baranje Zmajevac Udruga vinogradara i vinara vinogorja Baranje Udruga za njegovanje obi\u010daja Ma\u0111ara &#8211; Surduk [...]","protected":false},"author":2,"featured_media":0,"parent":0,"menu_order":0,"comment_status":"closed","ping_status":"closed","template":"","meta":[],"_links":{"self":[{"href":"https:\/\/knezevi-vinogradi.hr\/hu\/wp-json\/wp\/v2\/pages\/6658\/"}],"collection":[{"href":"https:\/\/knezevi-vinogradi.hr\/hu\/wp-json\/wp\/v2\/pages\/"}],"about":[{"href":"https:\/\/knezevi-vinogradi.hr\/hu\/wp-json\/wp\/v2\/types\/page\/"}],"author":[{"embeddable":true,"href":"https:\/\/knezevi-vinogradi.hr\/hu\/wp-json\/wp\/v2\/users\/2\/"}],"replies":[{"embeddable":true,"href":"https:\/\/knezevi-vinogradi.hr\/hu\/wp-json\/wp\/v2\/comments\/?post=6658"}],"version-history":[{"count":1,"href":"https:\/\/knezevi-vinogradi.hr\/hu\/wp-json\/wp\/v2\/pages\/6658\/revisions\/"}],"predecessor-version":[{"id":6659,"href":"https:\/\/knezevi-vinogradi.hr\/hu\/wp-json\/wp\/v2\/pages\/6658\/revisions\/6659\/"}],"wp:attachment":[{"href":"https:\/\/knezevi-vinogradi.hr\/hu\/wp-json\/wp\/v2\/media\/?parent=6658"}],"curies":[{"name":"wp","href":"https:\/\/api.w.org\/{rel}","templated":true}]}}