{"id":6660,"date":"2015-09-29T23:57:19","date_gmt":"2015-09-29T22:57:19","guid":{"rendered":"https:\/\/knezevi-vinogradi.hr\/?page_id=6660"},"modified":"2016-01-04T22:26:43","modified_gmt":"2016-01-04T21:26:43","slug":"onkentes-tuzoltosag","status":"publish","type":"page","link":"https:\/\/knezevi-vinogradi.hr\/hu\/onkentes-tuzoltosag\/","title":{"rendered":"\u00d6nk\u00e9ntes t\u0171zolt\u00f3s\u00e1g"},"content":{"rendered":"<form autocomplete=\"off\" name=\"wpv-filter-4462-40cd750bba9870f18aada2478b24840a\" action=\"https:\/\/knezevi-vinogradi.hr\/hu\/onkentes-tuzoltosag\/\" method=\"get\" class=\"wpv-filter-form js-wpv-filter-form js-wpv-filter-form-4462-40cd750bba9870f18aada2478b24840a js-wpv-form-full\" data-viewnumber=\"4462-40cd750bba9870f18aada2478b24840a\" data-viewid=\"4462\"><input type=\"hidden\" class=\"js-wpv-dps-filter-data js-wpv-filter-data-for-this-form\" data-action=\"https:\/\/knezevi-vinogradi.hr\/hu\/onkentes-tuzoltosag\/\" data-page=\"1\" data-ajax=\"disable\" data-effect=\"fade\" data-maxpages=\"1\" data-ajaxprebefore=\"\" data-ajaxbefore=\"\" data-ajaxafter=\"\" \/><input id=\"wpv_paged_max-4462-40cd750bba9870f18aada2478b24840a\" type=\"hidden\" name=\"wpv_paged_max\" value=\"1\" \/><input id=\"wpv_paged_preload_reach-4462-40cd750bba9870f18aada2478b24840a\" type=\"hidden\" name=\"wpv_paged_preload_reach\" value=\"1\" \/><input id=\"wpv_widget_view-4462-40cd750bba9870f18aada2478b24840a\" type=\"hidden\" name=\"wpv_widget_view_id\" value=\"0\" \/><input id=\"wpv_view_count-4462-40cd750bba9870f18aada2478b24840a\" type=\"hidden\" name=\"wpv_view_count\" value=\"4462-40cd750bba9870f18aada2478b24840a\" \/><input id=\"wpv_view_hash-4462-40cd750bba9870f18aada2478b24840a\" type=\"hidden\" name=\"wpv_view_hash\" value=\"eyJuYW1lIjoiRG9icm92b2xqbmEgdmF0cm9nYXNuYSBkcnVcdTAxNjF0dmEifQ==\" \/><input id=\"wpv_post_id-4462-40cd750bba9870f18aada2478b24840a\" type=\"hidden\" name=\"wpv_post_id\" value=\"6660\" class=\"js-wpv-keep-on-clear\" \/>\n\n\n\u00a0\u00a0\u00a0\n\n\n\n<\/form>\n\n\t\n\t<!-- wpv-loop-start -->\n   <table width=\"100%\">\n      \n         \n          <tr>\n            <td class=\"agregacija\">\n              <a href=\"https:\/\/knezevi-vinogradi.hr\/udruga\/dvd-karanac\/\">DVD Karanac<\/a><br\/>\n              \n                  <a href=\"https:\/\/knezevi-vinogradi.hr\/udruga\/dvd-karanac\/\">\n                   <img width=\"150\" height=\"150\" src=\"https:\/\/knezevi-vinogradi.hr\/wp-content\/uploads\/2015\/01\/DVD-150x150.jpg\" class=\"attachment-thumbnail popis\" alt=\"\" loading=\"lazy\" style=\"\" title=\"\" \/>\n                  <\/a>\n              \n              \n            <\/td>\n     \n          \n         \n             <td class=\"agregacija\">\n              <a href=\"https:\/\/knezevi-vinogradi.hr\/udruga\/dvd-knezevi-vinogradi\/\">DVD Kne\u017eevi Vinogradi<\/a><br\/>\n              \n                  <a href=\"https:\/\/knezevi-vinogradi.hr\/udruga\/dvd-knezevi-vinogradi\/\">\n                   <img width=\"150\" height=\"150\" src=\"https:\/\/knezevi-vinogradi.hr\/wp-content\/uploads\/2015\/01\/1959637_454524404674929_1091679476_n-150x150.jpg\" class=\"attachment-thumbnail popis\" alt=\"\" loading=\"lazy\" style=\"\" title=\"\" \/>\n                  <\/a>\n              \n              \n            <\/td>\n\n          \n         \n             <td class=\"agregacija\">\n              <a href=\"https:\/\/knezevi-vinogradi.hr\/udruga\/dvd-kotlina\/\">DVD Kotlina<\/a><br\/>\n              \n                  <a href=\"https:\/\/knezevi-vinogradi.hr\/udruga\/dvd-kotlina\/\">\n                   <img width=\"150\" height=\"150\" src=\"https:\/\/knezevi-vinogradi.hr\/wp-content\/uploads\/2015\/01\/2013.03.10.-150x150.jpg\" class=\"attachment-thumbnail popis\" alt=\"\" loading=\"lazy\" style=\"\" title=\"\" \/>\n                  <\/a>\n              \n              \n            <\/td>\n\n          \n         \n             <td class=\"agregacija\">\n              <a href=\"https:\/\/knezevi-vinogradi.hr\/udruga\/dvd-suza\/\">DVD Suza<\/a><br\/>\n              \n                  <a href=\"https:\/\/knezevi-vinogradi.hr\/udruga\/dvd-suza\/\">\n                   <img width=\"150\" height=\"150\" src=\"https:\/\/knezevi-vinogradi.hr\/wp-content\/uploads\/2015\/01\/IMG_2033-150x150.jpg\" class=\"attachment-thumbnail popis\" alt=\"\" loading=\"lazy\" style=\"\" title=\"\" \/>\n                  <\/a>\n              \n              \n            <\/td>\n          <\/tr>\n         \n         \n         \n          <tr>\n            <td class=\"agregacija\">\n              <a href=\"https:\/\/knezevi-vinogradi.hr\/udruga\/dvd-zmajevac\/\">DVD Zmajevac<\/a><br\/>\n              \n              \n                  <a href=\"https:\/\/knezevi-vinogradi.hr\/udruga\/dvd-zmajevac\/\">\n                    <img src=\"\/wp-content\/uploads\/2015\/09\/protupozarni-aparat_350-150x150.jpg\" class=\"popis\" \/>\n                  <\/a>\n              \n            <\/td>\n     \n          \n            <td><\/td> \n         \n            <td><\/td> \n         \n            <td><\/td>\n        <\/tr> \n      \n   <\/table>\n\t<!-- wpv-loop-end -->\n\t\n\t\n\n\n<form autocomplete=\"off\" name=\"wpv-filter-4462-40cd750bba9870f18aada2478b24840a\" action=\"https:\/\/knezevi-vinogradi.hr\/hu\/onkentes-tuzoltosag\/\" method=\"get\" class=\"wpv-filter-form js-wpv-filter-form js-wpv-filter-form-4462-40cd750bba9870f18aada2478b24840a js-wpv-form-full\" data-viewnumber=\"4462-40cd750bba9870f18aada2478b24840a\" data-viewid=\"4462\"><input type=\"hidden\" class=\"js-wpv-dps-filter-data js-wpv-filter-data-for-this-form\" data-action=\"https:\/\/knezevi-vinogradi.hr\/hu\/onkentes-tuzoltosag\/\" data-page=\"1\" data-ajax=\"disable\" data-effect=\"fade\" data-maxpages=\"1\" data-ajaxprebefore=\"\" data-ajaxbefore=\"\" data-ajaxafter=\"\" \/><input id=\"wpv_paged_max-4462-40cd750bba9870f18aada2478b24840a\" type=\"hidden\" name=\"wpv_paged_max\" value=\"1\" \/><input id=\"wpv_paged_preload_reach-4462-40cd750bba9870f18aada2478b24840a\" type=\"hidden\" name=\"wpv_paged_preload_reach\" value=\"1\" \/><input id=\"wpv_widget_view-4462-40cd750bba9870f18aada2478b24840a\" type=\"hidden\" name=\"wpv_widget_view_id\" value=\"0\" \/><input id=\"wpv_view_count-4462-40cd750bba9870f18aada2478b24840a\" type=\"hidden\" name=\"wpv_view_count\" value=\"4462-40cd750bba9870f18aada2478b24840a\" \/><input id=\"wpv_view_hash-4462-40cd750bba9870f18aada2478b24840a\" type=\"hidden\" name=\"wpv_view_hash\" value=\"eyJuYW1lIjoiRG9icm92b2xqbmEgdmF0cm9nYXNuYSBkcnVcdTAxNjF0dmEifQ==\" \/><input id=\"wpv_post_id-4462-40cd750bba9870f18aada2478b24840a\" type=\"hidden\" name=\"wpv_post_id\" value=\"6660\" class=\"js-wpv-keep-on-clear\" \/>\n\n\n\u00a0\u00a0\u00a0\n\n\n\n<\/form>\n","protected":false},"excerpt":{"rendered":"\u00a0\u00a0\u00a0 DVD Karanac DVD Kne\u017eevi Vinogradi DVD Kotlina DVD Suza DVD Zmajevac \u00a0\u00a0\u00a0","protected":false},"author":2,"featured_media":0,"parent":0,"menu_order":0,"comment_status":"closed","ping_status":"closed","template":"","meta":[],"_links":{"self":[{"href":"https:\/\/knezevi-vinogradi.hr\/hu\/wp-json\/wp\/v2\/pages\/6660\/"}],"collection":[{"href":"https:\/\/knezevi-vinogradi.hr\/hu\/wp-json\/wp\/v2\/pages\/"}],"about":[{"href":"https:\/\/knezevi-vinogradi.hr\/hu\/wp-json\/wp\/v2\/types\/page\/"}],"author":[{"embeddable":true,"href":"https:\/\/knezevi-vinogradi.hr\/hu\/wp-json\/wp\/v2\/users\/2\/"}],"replies":[{"embeddable":true,"href":"https:\/\/knezevi-vinogradi.hr\/hu\/wp-json\/wp\/v2\/comments\/?post=6660"}],"version-history":[{"count":1,"href":"https:\/\/knezevi-vinogradi.hr\/hu\/wp-json\/wp\/v2\/pages\/6660\/revisions\/"}],"predecessor-version":[{"id":6661,"href":"https:\/\/knezevi-vinogradi.hr\/hu\/wp-json\/wp\/v2\/pages\/6660\/revisions\/6661\/"}],"wp:attachment":[{"href":"https:\/\/knezevi-vinogradi.hr\/hu\/wp-json\/wp\/v2\/media\/?parent=6660"}],"curies":[{"name":"wp","href":"https:\/\/api.w.org\/{rel}","templated":true}]}}