{"id":4724,"date":"2013-12-01T17:45:28","date_gmt":"2013-12-01T15:45:28","guid":{"rendered":"https:\/\/knezevi-vinogradi.hr\/?page_id=4724"},"modified":"2024-10-25T08:25:54","modified_gmt":"2024-10-25T06:25:54","slug":"%d0%ba%d0%be%d0%bd%d1%82%d0%b0%d0%ba%d1%82","status":"publish","type":"page","link":"https:\/\/knezevi-vinogradi.hr\/sr\/%d0%ba%d0%be%d0%bd%d1%82%d0%b0%d0%ba%d1%82\/","title":{"rendered":"\u041a\u043e\u043d\u0442\u0430\u043a\u0442"},"content":{"rendered":"<p><strong>Op\u0107ina Kne\u017eevi Vinogradi<br \/>\n<\/strong>31309 Kne\u017eevi Vinogradi<br \/>\nHrvatske Republike 3<\/p>\n<p>E-mail: <a href=\"mailto:opcina@knezevi-vinogradi.hr\">opcina@knezevi-vinogradi.hr<\/a>, <a href=\"mailto:pisarnica@knezevi-vinogradi.hr\">pisarnica@knezevi-vinogradi.hr<\/a><\/p>\n<p>\u0422\u0435\u043b.: +385 (0) 31 730 938<br \/>\n\u0424\u0430\u043a\u0441.: +385 (0) 31 732 106<\/p>\n<p><strong>\u041c\u0430\u0442\u0438\u0447\u043d\u0438 \u0431\u0440\u043e\u0458<\/strong>: 02551900<br \/>\n<strong>\u041e\u0418\u0411<\/strong>: 35938293122<\/p>\n<p>\u041d\u0430\u0437\u0438\u0432 \u0438 \u0441\u0435\u0434\u0438\u0448\u0442\u0435 \u0434\u0440\u0443\u0448\u0442\u0432\u0430 \u043a\u043e\u0434 \u043a\u043e\u0458\u0435\u0433 \u0458\u0435 \u043e\u0442\u0432\u043e\u0440\u0435\u043d \u0433\u043b\u0430\u0432\u043d\u0438 \u043f\u043e\u0441\u043b\u043e\u0432\u043d\u0438 \u0440\u0430\u0447\u0443\u043d:<br \/>\nPrivredna banka d.d. Zagreb<br \/>\nIBAN: <strong>HR83 23400091819500000<\/strong><\/p>\n","protected":false},"excerpt":{"rendered":"<p>Op\u0107ina Kne\u017eevi Vinogradi 31309 Kne\u017eevi Vinogradi Hrvatske Republike 3 E-mail: opcina@knezevi-vinogradi.hr, pisarnica@knezevi-vinogradi.hr \u0422\u0435\u043b.: +385 (0) 31 730 938 \u0424\u0430\u043a\u0441.: +385 (0) 31 732 106 \u041c\u0430\u0442\u0438\u0447\u043d\u0438 \u0431\u0440\u043e\u0458: 02551900 \u041e\u0418\u0411: 35938293122 \u041d\u0430\u0437\u0438\u0432 \u0438 \u0441\u0435\u0434\u0438\u0448\u0442\u0435 \u0434\u0440\u0443\u0448\u0442\u0432\u0430 \u043a\u043e\u0434 \u043a\u043e\u0458\u0435\u0433 \u0458\u0435 \u043e\u0442\u0432\u043e\u0440\u0435\u043d \u0433\u043b\u0430\u0432\u043d\u0438 \u043f\u043e\u0441\u043b\u043e\u0432\u043d\u0438 \u0440\u0430\u0447\u0443\u043d: Privredna banka d.d. Zagreb IBAN: HR83 23400091819500000<\/p>\n","protected":false},"author":2,"featured_media":0,"parent":0,"menu_order":0,"comment_status":"closed","ping_status":"closed","template":"","meta":[],"_links":{"self":[{"href":"https:\/\/knezevi-vinogradi.hr\/sr\/wp-json\/wp\/v2\/pages\/4724\/"}],"collection":[{"href":"https:\/\/knezevi-vinogradi.hr\/sr\/wp-json\/wp\/v2\/pages\/"}],"about":[{"href":"https:\/\/knezevi-vinogradi.hr\/sr\/wp-json\/wp\/v2\/types\/page\/"}],"author":[{"embeddable":true,"href":"https:\/\/knezevi-vinogradi.hr\/sr\/wp-json\/wp\/v2\/users\/2\/"}],"replies":[{"embeddable":true,"href":"https:\/\/knezevi-vinogradi.hr\/sr\/wp-json\/wp\/v2\/comments\/?post=4724"}],"version-history":[{"count":7,"href":"https:\/\/knezevi-vinogradi.hr\/sr\/wp-json\/wp\/v2\/pages\/4724\/revisions\/"}],"predecessor-version":[{"id":60573,"href":"https:\/\/knezevi-vinogradi.hr\/sr\/wp-json\/wp\/v2\/pages\/4724\/revisions\/60573\/"}],"wp:attachment":[{"href":"https:\/\/knezevi-vinogradi.hr\/sr\/wp-json\/wp\/v2\/media\/?parent=4724"}],"curies":[{"name":"wp","href":"https:\/\/api.w.org\/{rel}","templated":true}]}}