{"id":5235,"date":"2015-05-26T00:12:15","date_gmt":"2015-05-25T22:12:15","guid":{"rendered":"https:\/\/knezevi-vinogradi.hr\/?page_id=5235"},"modified":"2025-03-19T14:01:46","modified_gmt":"2025-03-19T12:01:46","slug":"knezevi-parkovi-doo","status":"publish","type":"page","link":"https:\/\/knezevi-vinogradi.hr\/sr\/%d1%83%d1%81%d1%82%d0%b0%d0%bd%d0%be%d0%b2%d0%b5-%d0%b8-%d1%84%d0%b8%d1%80%d0%bc%d0%b5\/knezevi-parkovi-doo\/","title":{"rendered":"Kne\u017eevi parkovi d.o.o."},"content":{"rendered":"<p>[vc_row][vc_column]<div class=\"c-content-box m-forced\">\n\n\t\t<style type=\"text\/css\">\n\t\t\t#gallery-1 {\n\t\t\t\tmargin: auto;\n\t\t\t}\n\t\t\t#gallery-1 .gallery-item {\n\t\t\t\tfloat: left;\n\t\t\t\tmargin-top: 10px;\n\t\t\t\ttext-align: center;\n\t\t\t\twidth: 100%;\n\t\t\t}\n\t\t\t#gallery-1 img {\n\t\t\t\tborder: 2px solid #cfcfcf;\n\t\t\t}\n\t\t\t#gallery-1 .gallery-caption {\n\t\t\t\tmargin-left: 0;\n\t\t\t}\n\t\t\t\/* see gallery_shortcode() in wp-includes\/media.php *\/\n\t\t<\/style>\n\t\t<div id='gallery-1' class='gallery galleryid-5235 gallery-columns-1 gallery-size-medium'><dl class='gallery-item'>\n\t\t\t<dt class='gallery-icon landscape'>\n\t\t\t\t<a href='https:\/\/knezevi-vinogradi.hr\/wp-content\/uploads\/2018\/12\/Knezevi-Parkovi-LOGO.jpg' title=\"\" data-rl_title=\"\" class=\"rl-gallery-link\" data-rl_caption=\"\" data-rel=\"lightbox-gallery-1\"><img width=\"480\" height=\"194\" src=\"https:\/\/knezevi-vinogradi.hr\/wp-content\/uploads\/2018\/12\/Knezevi-Parkovi-LOGO-480x194.jpg\" class=\"attachment-medium size-medium\" alt=\"\" loading=\"lazy\" srcset=\"https:\/\/knezevi-vinogradi.hr\/wp-content\/uploads\/2018\/12\/Knezevi-Parkovi-LOGO-480x194.jpg 480w, https:\/\/knezevi-vinogradi.hr\/wp-content\/uploads\/2018\/12\/Knezevi-Parkovi-LOGO-1024x414.jpg 1024w\" sizes=\"(max-width: 480px) 100vw, 480px\" \/><\/a>\n\t\t\t<\/dt><\/dl><br style=\"clear: both\" \/>\n\t\t<\/div>\n\n<p>Tvrtka <strong>Kne\u017eevi Parkovi d.o.o.<\/strong>, osnovana je od strane Op\u0107ine Kne\u017eevi Vinogradi radi organiziranja, unapre\u0111ivanja i razvoja op\u0107inskog gospodarstva. Tvrtka je osnovana 01.04.2015. i odmah je preuzela gospodarstvo i upravljanje komunalnom infrastrukturom Op\u0107ine Kne\u017eevi Vinogradi.<\/p>\n<p>Brojne gospodarske aktivnosti na podru\u010dju Op\u0107ine Kne\u017eevi Vinogradi, a posebno intenzivan investicijski razvoj u podru\u010dju poljoprivrede, proizvodnje, turizma, komunalnih djelatnosti, nametnuo je potrebu osnivanja tvrtke s funkcijom razvoja gospodarstva op\u0107ine i investicijskog razvoja te upravljanja javnim resursima. Brojnim izmjenama zakonske regulative, otvorenost EU fondova s ogromnim mogu\u0107nostima iskori\u0161tenja za razvoj ruralnih podru\u010dja,\u00a0 nametnula se potreba za osnivanje novog sustava za upravljanje ovim tijekovima.<\/p>\n<p>Kako brojni projekti i njihovo obilje\u017eje gospodarski imaju puno \u0161iri gospodarski zna\u010daj \u2013 ne samo za podru\u010dje Op\u0107ine Kne\u017eevi Vinogradi nego za cijelu Baranju kao cjelinu sa bezbroj mogu\u0107nosti, u na\u0161im promi\u0161ljanjima \u017eelimo poslati poruku gospodarskim subjektima i svim zainteresiranim stranama za suradnju. Posebno se to odnosi na razvoj turizma i djelatnosti funkcionalno vezanih za turizam, koje moraju biti usmjerene na puno \u0161ire podru\u010dje od samog podru\u010dja Op\u0107ine Kne\u017eevi Vinogradi, pru\u017eaju\u0107i sliku bogatstva Baranje i Hrvatske.<\/p>\n<p>Web stranica: <a href=\"https:\/\/www.knezevi-parkovi.hr\/\">https:\/\/www.knezevi-parkovi.hr\/<\/a><\/div>[\/vc_column][\/vc_row][vc_row][vc_column]<div class=\"c-content-box m-forced\"><strong>Kne\u017eevi parkovi d.o.o.<\/strong><br \/>\nGlavna 82<br \/>\n31309 Kne\u017eevi Vinogradi<br \/>\nOIB:\u00a049223848546<\/p>\n<p><span style=\"text-decoration: underline;\"><strong>Kontakt\u00a0<\/strong><\/span><br \/>\nUprava: 031\/730-041<br \/>\nRestoran-bazen: 031\/730-999<br \/>\nE-mail: <a href=\"mailto:info@knezevi-parkovi.hr\" target=\"_blank\" rel=\"noopener noreferrer\">info@knezevi-parkovi.hr<br \/>\n<\/a><\/p>\n<p>Facebook stranica: <a href=\"https:\/\/web.facebook.com\/src.knezevi.vinogradi\" target=\"_blank\" rel=\"noopener noreferrer\">SRC Kne\u017eevi Vinogradi<\/a><\/p>\n<p>Direktor: Ivica Plantosar, 091 644 4684<\/div>[\/vc_column][\/vc_row]<\/p>\n","protected":false},"excerpt":{"rendered":"<p>[vc_row][vc_column][\/vc_column][\/vc_row][vc_row][vc_column][\/vc_column][\/vc_row]<\/p>\n","protected":false},"author":2,"featured_media":0,"parent":5231,"menu_order":0,"comment_status":"closed","ping_status":"closed","template":"","meta":[],"_links":{"self":[{"href":"https:\/\/knezevi-vinogradi.hr\/sr\/wp-json\/wp\/v2\/pages\/5235\/"}],"collection":[{"href":"https:\/\/knezevi-vinogradi.hr\/sr\/wp-json\/wp\/v2\/pages\/"}],"about":[{"href":"https:\/\/knezevi-vinogradi.hr\/sr\/wp-json\/wp\/v2\/types\/page\/"}],"author":[{"embeddable":true,"href":"https:\/\/knezevi-vinogradi.hr\/sr\/wp-json\/wp\/v2\/users\/2\/"}],"replies":[{"embeddable":true,"href":"https:\/\/knezevi-vinogradi.hr\/sr\/wp-json\/wp\/v2\/comments\/?post=5235"}],"version-history":[{"count":14,"href":"https:\/\/knezevi-vinogradi.hr\/sr\/wp-json\/wp\/v2\/pages\/5235\/revisions\/"}],"predecessor-version":[{"id":62689,"href":"https:\/\/knezevi-vinogradi.hr\/sr\/wp-json\/wp\/v2\/pages\/5235\/revisions\/62689\/"}],"up":[{"embeddable":true,"href":"https:\/\/knezevi-vinogradi.hr\/sr\/wp-json\/wp\/v2\/pages\/5231\/"}],"wp:attachment":[{"href":"https:\/\/knezevi-vinogradi.hr\/sr\/wp-json\/wp\/v2\/media\/?parent=5235"}],"curies":[{"name":"wp","href":"https:\/\/api.w.org\/{rel}","templated":true}]}}